{"id":6027,"date":"2024-03-09T12:31:42","date_gmt":"2024-03-09T12:31:42","guid":{"rendered":"https:\/\/tamariskvillages.eu\/was-ist-zu-tun\/"},"modified":"2025-11-20T19:19:55","modified_gmt":"2025-11-20T19:19:55","slug":"was-ist-zu-tun","status":"publish","type":"page","link":"https:\/\/tamariskvillages.eu\/de\/was-ist-zu-tun\/","title":{"rendered":"Was ist zu tun?"},"content":{"rendered":"<div class=\"fusion-fullwidth fullwidth-box fusion-builder-row-1 fusion-flex-container nonhundred-percent-fullwidth non-hundred-percent-height-scrolling\" style=\"--awb-border-radius-top-left:0px;--awb-border-radius-top-right:0px;--awb-border-radius-bottom-right:0px;--awb-border-radius-bottom-left:0px;--awb-flex-wrap:wrap;\" ><div class=\"fusion-builder-row fusion-row fusion-flex-align-items-flex-start fusion-flex-content-wrap\" style=\"max-width:1248px;margin-left: calc(-4% \/ 2 );margin-right: calc(-4% \/ 2 );\"><div class=\"fusion-layout-column fusion_builder_column fusion-builder-column-0 fusion_builder_column_1_2 1_2 fusion-flex-column\" style=\"--awb-bg-size:cover;--awb-width-large:50%;--awb-margin-top-large:0px;--awb-spacing-right-large:3.84%;--awb-margin-bottom-large:0px;--awb-spacing-left-large:3.84%;--awb-width-medium:50%;--awb-order-medium:0;--awb-spacing-right-medium:3.84%;--awb-spacing-left-medium:3.84%;--awb-width-small:100%;--awb-order-small:0;--awb-spacing-right-small:1.92%;--awb-spacing-left-small:1.92%;\"><div class=\"fusion-column-wrapper fusion-column-has-shadow fusion-flex-justify-content-flex-start fusion-content-layout-column\"><div class=\"fusion-title title fusion-title-1 fusion-sep-none fusion-title-text fusion-title-size-one\"><h1 class=\"fusion-title-heading title-heading-left fusion-responsive-typography-calculated\" style=\"margin:0;text-transform:none;--fontSize:72;line-height:var(--awb-typography1-line-height);\">Was machen Sie in Ihrem Urlaub?<\/h1><\/div><div class=\"fusion-text fusion-text-1 fusion-text-no-margin\" style=\"--awb-content-alignment:center;--awb-font-size:20px;--awb-margin-bottom:0px;\"><p>Willkommen in Cantignergues, wo die Zeit stillzustehen scheint und Ruhe und Abenteuer auf Sie warten. Genie\u00dfen Sie einen sorglosen Urlaub voller Natursch\u00f6nheiten, kultureller Entdeckungen und spannender Aktivit\u00e4ten f\u00fcr die ganze Familie. Von Canyon-Touren \u00fcber Weinverkostungen bis hin zu Ausfl\u00fcgen zu historischen St\u00e4tten ist hier f\u00fcr jeden etwas dabei. Lassen Sie sich vom Charme des Dorfes \u00fcberraschen und machen Sie sich bereit f\u00fcr einen unvergesslichen Aufenthalt voller neuer Erfahrungen. Eine Auswahl der M\u00f6glichkeiten:    <\/p>\n<\/div><div class=\"fusion-text fusion-text-2 fusion-text-no-margin\" style=\"--awb-content-alignment:center;--awb-font-size:20px;--awb-margin-top:25px;--awb-margin-bottom:0px;\"><ul>\n<li style=\"text-align: left;\">Volleyb\u00e4lle<\/li>\n<li style=\"text-align: left;\">Tischtennisplatte auf der Dorfterrasse<\/li>\n<li style=\"text-align: left;\">Schwimmbad<\/li>\n<li style=\"text-align: left;\">Mehrere Wanderungen direkt vom Dorf aus<\/li>\n<li style=\"text-align: left;\">Schwimmen im Mittelmeer (1 Stunde und 15 Minuten Fahrt)<\/li>\n<li style=\"text-align: left;\">F\u00fcr Liebhaber: Barcelona (etwa 3 Stunden entfernt)<\/li>\n<li style=\"text-align: left;\">M\u00f6glichkeit zum Segeln, Surfen oder Tretbootfahren am Lac de Jouarras (gegen Aufpreis) (halbe Stunde Fahrt)<\/li>\n<li style=\"text-align: left;\">M\u00f6glichkeit zum Abseilen und Klettern in Caunes (gegen Bezahlung) (halbe Stunde Fahrt)<\/li>\n<li style=\"text-align: left;\">Angeln in der Cesse (eine vor\u00fcbergehende Erlaubnis k\u00f6nnen Sie ganz einfach unter www.cartedepeche.fr oder mit Hilfe des Verwalters in Cantignergues beantragen).<\/li>\n<\/ul>\n<\/div><\/div><\/div><div class=\"fusion-layout-column fusion_builder_column fusion-builder-column-1 fusion_builder_column_1_2 1_2 fusion-flex-column\" style=\"--awb-bg-size:cover;--awb-width-large:50%;--awb-margin-top-large:0px;--awb-spacing-right-large:3.84%;--awb-margin-bottom-large:0px;--awb-spacing-left-large:3.84%;--awb-width-medium:50%;--awb-order-medium:0;--awb-spacing-right-medium:3.84%;--awb-spacing-left-medium:3.84%;--awb-width-small:100%;--awb-order-small:0;--awb-spacing-right-small:1.92%;--awb-spacing-left-small:1.92%;\"><div class=\"fusion-column-wrapper fusion-column-has-shadow fusion-flex-justify-content-flex-start fusion-content-layout-column\"><div class=\"awb-gallery-wrapper awb-gallery-wrapper-1 button-span-no\" style=\"--more-btn-alignment:center;\" data-limit=\"10\" data-page=\"1\"><div style=\"margin:-5px;--awb-bordersize:0px;\" class=\"fusion-gallery fusion-gallery-container fusion-grid-3 fusion-columns-total-7 fusion-gallery-layout-grid fusion-gallery-1\"><div style=\"padding:5px;\" class=\"fusion-grid-column fusion-gallery-column fusion-gallery-column-3 hover-type-none\"><div class=\"fusion-gallery-image\"><a href=\"https:\/\/tamariskvillages.eu\/wp-content\/uploads\/2024\/03\/DSC_0019-scaled.jpg\" rel=\"noreferrer\" data-rel=\"iLightbox[gallery_image_1]\" class=\"fusion-lightbox\" target=\"_self\"><img decoding=\"async\" src=\"https:\/\/tamariskvillages.eu\/wp-content\/uploads\/2024\/03\/DSC_0019-scaled.jpg\" data-orig-src=\"https:\/\/tamariskvillages.eu\/wp-content\/uploads\/2024\/03\/DSC_0019-scaled.jpg\" width=\"1933\" height=\"1285\" alt=\"\" title=\"DSC_0019\" aria-label=\"DSC_0019\" class=\"lazyload img-responsive wp-image-6020\" srcset=\"data:image\/svg+xml,%3Csvg%20xmlns%3D%27http%3A%2F%2Fwww.w3.org%2F2000%2Fsvg%27%20width%3D%271933%27%20height%3D%271285%27%20viewBox%3D%270%200%201933%201285%27%3E%3Crect%20width%3D%271933%27%20height%3D%271285%27%20fill-opacity%3D%220%22%2F%3E%3C%2Fsvg%3E\" data-srcset=\"https:\/\/tamariskvillages.eu\/wp-content\/uploads\/2024\/03\/DSC_0019-200x133.jpg 200w, https:\/\/tamariskvillages.eu\/wp-content\/uploads\/2024\/03\/DSC_0019-400x266.jpg 400w, https:\/\/tamariskvillages.eu\/wp-content\/uploads\/2024\/03\/DSC_0019-600x399.jpg 600w, https:\/\/tamariskvillages.eu\/wp-content\/uploads\/2024\/03\/DSC_0019-800x532.jpg 800w, https:\/\/tamariskvillages.eu\/wp-content\/uploads\/2024\/03\/DSC_0019-1200x798.jpg 1200w, https:\/\/tamariskvillages.eu\/wp-content\/uploads\/2024\/03\/DSC_0019-scaled.jpg 1933w\" data-sizes=\"auto\" data-orig-sizes=\"(min-width: 2200px) 100vw, (min-width: 784px) 397px, (min-width: 712px) 595px, (min-width: 640px) 712px, \" \/><\/a><\/div><\/div><div style=\"padding:5px;\" class=\"fusion-grid-column fusion-gallery-column fusion-gallery-column-3 hover-type-none\"><div class=\"fusion-gallery-image\"><a href=\"https:\/\/tamariskvillages.eu\/wp-content\/uploads\/2024\/03\/P1050436-scaled.jpg\" rel=\"noreferrer\" data-rel=\"iLightbox[gallery_image_1]\" class=\"fusion-lightbox\" target=\"_self\"><img decoding=\"async\" src=\"https:\/\/tamariskvillages.eu\/wp-content\/uploads\/2024\/03\/P1050436-scaled.jpg\" data-orig-src=\"https:\/\/tamariskvillages.eu\/wp-content\/uploads\/2024\/03\/P1050436-scaled.jpg\" width=\"1450\" height=\"1933\" alt=\"\" title=\"P1050436\" aria-label=\"P1050436\" class=\"lazyload img-responsive wp-image-6021\" srcset=\"data:image\/svg+xml,%3Csvg%20xmlns%3D%27http%3A%2F%2Fwww.w3.org%2F2000%2Fsvg%27%20width%3D%271450%27%20height%3D%271933%27%20viewBox%3D%270%200%201450%201933%27%3E%3Crect%20width%3D%271450%27%20height%3D%271933%27%20fill-opacity%3D%220%22%2F%3E%3C%2Fsvg%3E\" data-srcset=\"https:\/\/tamariskvillages.eu\/wp-content\/uploads\/2024\/03\/P1050436-200x267.jpg 200w, https:\/\/tamariskvillages.eu\/wp-content\/uploads\/2024\/03\/P1050436-400x533.jpg 400w, https:\/\/tamariskvillages.eu\/wp-content\/uploads\/2024\/03\/P1050436-600x800.jpg 600w, https:\/\/tamariskvillages.eu\/wp-content\/uploads\/2024\/03\/P1050436-800x1067.jpg 800w, https:\/\/tamariskvillages.eu\/wp-content\/uploads\/2024\/03\/P1050436-1200x1600.jpg 1200w, https:\/\/tamariskvillages.eu\/wp-content\/uploads\/2024\/03\/P1050436-scaled.jpg 1450w\" data-sizes=\"auto\" data-orig-sizes=\"(min-width: 2200px) 100vw, (min-width: 784px) 397px, (min-width: 712px) 595px, (min-width: 640px) 712px, \" \/><\/a><\/div><\/div><div style=\"padding:5px;\" class=\"fusion-grid-column fusion-gallery-column fusion-gallery-column-3 hover-type-none\"><div class=\"fusion-gallery-image\"><a href=\"https:\/\/tamariskvillages.eu\/wp-content\/uploads\/2024\/03\/P1050836-scaled.jpg\" rel=\"noreferrer\" data-rel=\"iLightbox[gallery_image_1]\" class=\"fusion-lightbox\" target=\"_self\"><img decoding=\"async\" src=\"https:\/\/tamariskvillages.eu\/wp-content\/uploads\/2024\/03\/P1050836-scaled.jpg\" data-orig-src=\"https:\/\/tamariskvillages.eu\/wp-content\/uploads\/2024\/03\/P1050836-scaled.jpg\" width=\"1450\" height=\"1933\" alt=\"\" title=\"P1050836\" aria-label=\"P1050836\" class=\"lazyload img-responsive wp-image-6022\" srcset=\"data:image\/svg+xml,%3Csvg%20xmlns%3D%27http%3A%2F%2Fwww.w3.org%2F2000%2Fsvg%27%20width%3D%271450%27%20height%3D%271933%27%20viewBox%3D%270%200%201450%201933%27%3E%3Crect%20width%3D%271450%27%20height%3D%271933%27%20fill-opacity%3D%220%22%2F%3E%3C%2Fsvg%3E\" data-srcset=\"https:\/\/tamariskvillages.eu\/wp-content\/uploads\/2024\/03\/P1050836-200x267.jpg 200w, https:\/\/tamariskvillages.eu\/wp-content\/uploads\/2024\/03\/P1050836-400x533.jpg 400w, https:\/\/tamariskvillages.eu\/wp-content\/uploads\/2024\/03\/P1050836-600x800.jpg 600w, https:\/\/tamariskvillages.eu\/wp-content\/uploads\/2024\/03\/P1050836-800x1067.jpg 800w, https:\/\/tamariskvillages.eu\/wp-content\/uploads\/2024\/03\/P1050836-1200x1600.jpg 1200w, https:\/\/tamariskvillages.eu\/wp-content\/uploads\/2024\/03\/P1050836-scaled.jpg 1450w\" data-sizes=\"auto\" data-orig-sizes=\"(min-width: 2200px) 100vw, (min-width: 784px) 397px, (min-width: 712px) 595px, (min-width: 640px) 712px, \" \/><\/a><\/div><\/div><div class=\"clearfix\"><\/div><div style=\"padding:5px;\" class=\"fusion-grid-column fusion-gallery-column fusion-gallery-column-3 hover-type-none\"><div class=\"fusion-gallery-image\"><a href=\"https:\/\/tamariskvillages.eu\/wp-content\/uploads\/2024\/03\/P1050718-scaled.jpg\" rel=\"noreferrer\" data-rel=\"iLightbox[gallery_image_1]\" class=\"fusion-lightbox\" target=\"_self\"><img decoding=\"async\" src=\"https:\/\/tamariskvillages.eu\/wp-content\/uploads\/2024\/03\/P1050718-scaled.jpg\" data-orig-src=\"https:\/\/tamariskvillages.eu\/wp-content\/uploads\/2024\/03\/P1050718-scaled.jpg\" width=\"1933\" height=\"1450\" alt=\"\" title=\"P1050718\" aria-label=\"P1050718\" class=\"lazyload img-responsive wp-image-6023\" srcset=\"data:image\/svg+xml,%3Csvg%20xmlns%3D%27http%3A%2F%2Fwww.w3.org%2F2000%2Fsvg%27%20width%3D%271933%27%20height%3D%271450%27%20viewBox%3D%270%200%201933%201450%27%3E%3Crect%20width%3D%271933%27%20height%3D%271450%27%20fill-opacity%3D%220%22%2F%3E%3C%2Fsvg%3E\" data-srcset=\"https:\/\/tamariskvillages.eu\/wp-content\/uploads\/2024\/03\/P1050718-200x150.jpg 200w, https:\/\/tamariskvillages.eu\/wp-content\/uploads\/2024\/03\/P1050718-400x300.jpg 400w, https:\/\/tamariskvillages.eu\/wp-content\/uploads\/2024\/03\/P1050718-600x450.jpg 600w, https:\/\/tamariskvillages.eu\/wp-content\/uploads\/2024\/03\/P1050718-800x600.jpg 800w, https:\/\/tamariskvillages.eu\/wp-content\/uploads\/2024\/03\/P1050718-1200x900.jpg 1200w, https:\/\/tamariskvillages.eu\/wp-content\/uploads\/2024\/03\/P1050718-scaled.jpg 1933w\" data-sizes=\"auto\" data-orig-sizes=\"(min-width: 2200px) 100vw, (min-width: 784px) 397px, (min-width: 712px) 595px, (min-width: 640px) 712px, \" \/><\/a><\/div><\/div><div style=\"padding:5px;\" class=\"fusion-grid-column fusion-gallery-column fusion-gallery-column-3 hover-type-none\"><div class=\"fusion-gallery-image\"><a href=\"https:\/\/tamariskvillages.eu\/wp-content\/uploads\/2024\/03\/18-augustus-2020-Tamarisk-Villages-Cantignergues_-18-scaled.jpg\" rel=\"noreferrer\" data-rel=\"iLightbox[gallery_image_1]\" class=\"fusion-lightbox\" target=\"_self\"><img decoding=\"async\" src=\"https:\/\/tamariskvillages.eu\/wp-content\/uploads\/2024\/03\/18-augustus-2020-Tamarisk-Villages-Cantignergues_-18-scaled.jpg\" data-orig-src=\"https:\/\/tamariskvillages.eu\/wp-content\/uploads\/2024\/03\/18-augustus-2020-Tamarisk-Villages-Cantignergues_-18-scaled.jpg\" width=\"1933\" height=\"1289\" alt=\"\" title=\"18. August 2020 Tamarisken-D\u00f6rfer Cantignergues_-18\" aria-label=\"18. August 2020 Tamarisken-D\u00f6rfer Cantignergues_-18\" class=\"lazyload img-responsive wp-image-6024\" srcset=\"data:image\/svg+xml,%3Csvg%20xmlns%3D%27http%3A%2F%2Fwww.w3.org%2F2000%2Fsvg%27%20width%3D%271933%27%20height%3D%271289%27%20viewBox%3D%270%200%201933%201289%27%3E%3Crect%20width%3D%271933%27%20height%3D%271289%27%20fill-opacity%3D%220%22%2F%3E%3C%2Fsvg%3E\" data-srcset=\"https:\/\/tamariskvillages.eu\/wp-content\/uploads\/2024\/03\/18-augustus-2020-Tamarisk-Villages-Cantignergues_-18-200x133.jpg 200w, https:\/\/tamariskvillages.eu\/wp-content\/uploads\/2024\/03\/18-augustus-2020-Tamarisk-Villages-Cantignergues_-18-400x267.jpg 400w, https:\/\/tamariskvillages.eu\/wp-content\/uploads\/2024\/03\/18-augustus-2020-Tamarisk-Villages-Cantignergues_-18-600x400.jpg 600w, https:\/\/tamariskvillages.eu\/wp-content\/uploads\/2024\/03\/18-augustus-2020-Tamarisk-Villages-Cantignergues_-18-800x533.jpg 800w, https:\/\/tamariskvillages.eu\/wp-content\/uploads\/2024\/03\/18-augustus-2020-Tamarisk-Villages-Cantignergues_-18-1200x800.jpg 1200w, https:\/\/tamariskvillages.eu\/wp-content\/uploads\/2024\/03\/18-augustus-2020-Tamarisk-Villages-Cantignergues_-18-scaled.jpg 1933w\" data-sizes=\"auto\" data-orig-sizes=\"(min-width: 2200px) 100vw, (min-width: 784px) 397px, (min-width: 712px) 595px, (min-width: 640px) 712px, \" \/><\/a><\/div><\/div><div style=\"padding:5px;\" class=\"fusion-grid-column fusion-gallery-column fusion-gallery-column-3 hover-type-none\"><div class=\"fusion-gallery-image\"><a href=\"https:\/\/tamariskvillages.eu\/wp-content\/uploads\/2024\/03\/18-augustus-2020-Tamarisk-Villages-Cantignergues_-58-scaled.jpeg\" rel=\"noreferrer\" data-rel=\"iLightbox[gallery_image_1]\" class=\"fusion-lightbox\" target=\"_self\"><img decoding=\"async\" src=\"https:\/\/tamariskvillages.eu\/wp-content\/uploads\/2024\/03\/18-augustus-2020-Tamarisk-Villages-Cantignergues_-58-scaled.jpeg\" data-orig-src=\"https:\/\/tamariskvillages.eu\/wp-content\/uploads\/2024\/03\/18-augustus-2020-Tamarisk-Villages-Cantignergues_-58-scaled.jpeg\" width=\"1933\" height=\"1289\" alt=\"\" title=\"18. August 2020 Tamarisken-D\u00f6rfer Cantignergues_-58\" aria-label=\"18. August 2020 Tamarisken-D\u00f6rfer Cantignergues_-58\" class=\"lazyload img-responsive wp-image-6025\" srcset=\"data:image\/svg+xml,%3Csvg%20xmlns%3D%27http%3A%2F%2Fwww.w3.org%2F2000%2Fsvg%27%20width%3D%271933%27%20height%3D%271289%27%20viewBox%3D%270%200%201933%201289%27%3E%3Crect%20width%3D%271933%27%20height%3D%271289%27%20fill-opacity%3D%220%22%2F%3E%3C%2Fsvg%3E\" data-srcset=\"https:\/\/tamariskvillages.eu\/wp-content\/uploads\/2024\/03\/18-augustus-2020-Tamarisk-Villages-Cantignergues_-58-200x133.jpeg 200w, https:\/\/tamariskvillages.eu\/wp-content\/uploads\/2024\/03\/18-augustus-2020-Tamarisk-Villages-Cantignergues_-58-400x267.jpeg 400w, https:\/\/tamariskvillages.eu\/wp-content\/uploads\/2024\/03\/18-augustus-2020-Tamarisk-Villages-Cantignergues_-58-600x400.jpeg 600w, https:\/\/tamariskvillages.eu\/wp-content\/uploads\/2024\/03\/18-augustus-2020-Tamarisk-Villages-Cantignergues_-58-800x533.jpeg 800w, https:\/\/tamariskvillages.eu\/wp-content\/uploads\/2024\/03\/18-augustus-2020-Tamarisk-Villages-Cantignergues_-58-1200x800.jpeg 1200w, https:\/\/tamariskvillages.eu\/wp-content\/uploads\/2024\/03\/18-augustus-2020-Tamarisk-Villages-Cantignergues_-58-scaled.jpeg 1933w\" data-sizes=\"auto\" data-orig-sizes=\"(min-width: 2200px) 100vw, (min-width: 784px) 397px, (min-width: 712px) 595px, (min-width: 640px) 712px, \" \/><\/a><\/div><\/div><div class=\"clearfix\"><\/div><div style=\"padding:5px;\" class=\"fusion-grid-column fusion-gallery-column fusion-gallery-column-3 hover-type-none\"><div class=\"fusion-gallery-image\"><a href=\"https:\/\/tamariskvillages.eu\/wp-content\/uploads\/2024\/03\/red-wine-health-benefits-ce3be96b730b41cc82f128abb75c2395.jpg\" rel=\"noreferrer\" data-rel=\"iLightbox[gallery_image_1]\" class=\"fusion-lightbox\" target=\"_self\"><img decoding=\"async\" src=\"https:\/\/tamariskvillages.eu\/wp-content\/uploads\/2024\/03\/red-wine-health-benefits-ce3be96b730b41cc82f128abb75c2395.jpg\" data-orig-src=\"https:\/\/tamariskvillages.eu\/wp-content\/uploads\/2024\/03\/red-wine-health-benefits-ce3be96b730b41cc82f128abb75c2395.jpg\" width=\"1500\" height=\"1125\" alt=\"\" title=\"red-wine-health-benefits-ce3be96b730b41cc82f128abb75c2395\" aria-label=\"red-wine-health-benefits-ce3be96b730b41cc82f128abb75c2395\" class=\"lazyload img-responsive wp-image-6026\" srcset=\"data:image\/svg+xml,%3Csvg%20xmlns%3D%27http%3A%2F%2Fwww.w3.org%2F2000%2Fsvg%27%20width%3D%271500%27%20height%3D%271125%27%20viewBox%3D%270%200%201500%201125%27%3E%3Crect%20width%3D%271500%27%20height%3D%271125%27%20fill-opacity%3D%220%22%2F%3E%3C%2Fsvg%3E\" data-srcset=\"https:\/\/tamariskvillages.eu\/wp-content\/uploads\/2024\/03\/red-wine-health-benefits-ce3be96b730b41cc82f128abb75c2395-200x150.jpg 200w, https:\/\/tamariskvillages.eu\/wp-content\/uploads\/2024\/03\/red-wine-health-benefits-ce3be96b730b41cc82f128abb75c2395-400x300.jpg 400w, https:\/\/tamariskvillages.eu\/wp-content\/uploads\/2024\/03\/red-wine-health-benefits-ce3be96b730b41cc82f128abb75c2395-600x450.jpg 600w, https:\/\/tamariskvillages.eu\/wp-content\/uploads\/2024\/03\/red-wine-health-benefits-ce3be96b730b41cc82f128abb75c2395-800x600.jpg 800w, https:\/\/tamariskvillages.eu\/wp-content\/uploads\/2024\/03\/red-wine-health-benefits-ce3be96b730b41cc82f128abb75c2395-1200x900.jpg 1200w, https:\/\/tamariskvillages.eu\/wp-content\/uploads\/2024\/03\/red-wine-health-benefits-ce3be96b730b41cc82f128abb75c2395.jpg 1500w\" data-sizes=\"auto\" data-orig-sizes=\"(min-width: 2200px) 100vw, (min-width: 784px) 397px, (min-width: 712px) 595px, (min-width: 640px) 712px, \" \/><\/a><\/div><\/div><\/div><\/div><div class=\"fusion-text fusion-text-3 fusion-text-no-margin\" style=\"--awb-content-alignment:center;--awb-font-size:20px;--awb-margin-top:25px;--awb-margin-bottom:0px;\"><h5 style=\"text-align: left;\">Nur Hochsaison<\/h5>\n<ul>\n<li style=\"text-align: left;\">Gef\u00fchrte Canyon-Tour<\/li>\n<li style=\"text-align: left;\">Ausflug nach Minerve mit professionellem F\u00fchrer<\/li>\n<li style=\"text-align: left;\">Weinverkostung<\/li>\n<li style=\"text-align: left;\">MTB-Touren vom Dorf aus<\/li>\n<li style=\"text-align: left;\">Bogenschie\u00dfen<\/li>\n<\/ul>\n<\/div><\/div><\/div><\/div><\/div>\n","protected":false},"excerpt":{"rendered":"","protected":false},"author":1,"featured_media":0,"parent":0,"menu_order":0,"comment_status":"closed","ping_status":"closed","template":"100-width.php","meta":{"_acf_changed":false,"_monsterinsights_skip_tracking":false,"_monsterinsights_sitenote_active":false,"_monsterinsights_sitenote_note":"","_monsterinsights_sitenote_category":0,"footnotes":""},"class_list":["post-6027","page","type-page","status-publish","hentry"],"acf":[],"aioseo_notices":[],"_links":{"self":[{"href":"https:\/\/tamariskvillages.eu\/de\/wp-json\/wp\/v2\/pages\/6027","targetHints":{"allow":["GET"]}}],"collection":[{"href":"https:\/\/tamariskvillages.eu\/de\/wp-json\/wp\/v2\/pages"}],"about":[{"href":"https:\/\/tamariskvillages.eu\/de\/wp-json\/wp\/v2\/types\/page"}],"author":[{"embeddable":true,"href":"https:\/\/tamariskvillages.eu\/de\/wp-json\/wp\/v2\/users\/1"}],"replies":[{"embeddable":true,"href":"https:\/\/tamariskvillages.eu\/de\/wp-json\/wp\/v2\/comments?post=6027"}],"version-history":[{"count":3,"href":"https:\/\/tamariskvillages.eu\/de\/wp-json\/wp\/v2\/pages\/6027\/revisions"}],"predecessor-version":[{"id":6033,"href":"https:\/\/tamariskvillages.eu\/de\/wp-json\/wp\/v2\/pages\/6027\/revisions\/6033"}],"wp:attachment":[{"href":"https:\/\/tamariskvillages.eu\/de\/wp-json\/wp\/v2\/media?parent=6027"}],"curies":[{"name":"wp","href":"https:\/\/api.w.org\/{rel}","templated":true}]}}