{"id":6941,"date":"2023-12-25T13:24:18","date_gmt":"2023-12-25T13:24:18","guid":{"rendered":"https:\/\/tamariskvillages.eu\/verblijven\/amandier\/"},"modified":"2026-03-16T12:04:37","modified_gmt":"2026-03-16T12:04:37","slug":"amandier","status":"publish","type":"product","link":"https:\/\/tamariskvillages.eu\/de\/verblijven\/amandier\/","title":{"rendered":"Amandier"},"content":{"rendered":"<p><div class=\"fusion-fullwidth fullwidth-box fusion-builder-row-1 fusion-flex-container nonhundred-percent-fullwidth non-hundred-percent-height-scrolling\" style=\"--awb-border-radius-top-left:0px;--awb-border-radius-top-right:0px;--awb-border-radius-bottom-right:0px;--awb-border-radius-bottom-left:0px;--awb-flex-wrap:wrap;\" ><div class=\"fusion-builder-row fusion-row fusion-flex-align-items-flex-start fusion-flex-content-wrap\" style=\"max-width:1248px;margin-left: calc(-4% \/ 2 );margin-right: calc(-4% \/ 2 );\"><div class=\"fusion-layout-column fusion_builder_column fusion-builder-column-0 fusion_builder_column_1_1 1_1 fusion-flex-column\" style=\"--awb-bg-size:cover;--awb-width-large:100%;--awb-margin-top-large:0px;--awb-spacing-right-large:1.92%;--awb-margin-bottom-large:0px;--awb-spacing-left-large:1.92%;--awb-width-medium:100%;--awb-spacing-right-medium:1.92%;--awb-spacing-left-medium:1.92%;--awb-width-small:100%;--awb-spacing-right-small:1.92%;--awb-spacing-left-small:1.92%;\"><div class=\"fusion-column-wrapper fusion-flex-justify-content-flex-start fusion-content-layout-column\"><div class=\"fusion-text fusion-text-1\"><div class=\"row\">\n<div class=\"col-xs-12\">\n<div class=\"infotext\">\n<p>Mit seinen vier Schlafzimmern ist das Amandier eine ger\u00e4umige Familienunterkunft. Dieses gem\u00fctliche Haus aus dem Jahr 1885 wurde stilvoll renoviert, hat aber seine ganze Authentizit\u00e4t bewahrt. Das Wohnzimmer besteht aus einer offenen K\u00fcche und einer gem\u00fctlichen Sitzecke mit Kaminofen. Das macht es auch im fr\u00fchen Fr\u00fchling und im sch\u00f6nen Herbst zu einem gem\u00fctlichen Zuhause.   <\/p>\n<p>In der ersten Etage befinden sich zwei Doppelzimmer mit getrennten Einzelbetten und ein sehr ger\u00e4umiges Badezimmer mit zwei Waschbecken, einer Toilette, einer Badewanne und einer separaten Dusche. Im zweiten Stock gibt es ebenfalls zwei Doppelzimmer mit getrennten Einzelbetten und eine zweite Dusche, Waschbecken und Toilette. Auch in diesen Zimmern gibt es eine Klimaanlage. Aufgrund der s\u00fcdlichen Lage der Terrasse ist es auch im Fr\u00fchling und Herbst angenehm, hier zu verweilen.   <\/p>\n<p>Der kostenlose Zugang zum Pool ist in der Miete dieses Hauses enthalten.<\/p>\n<\/div>\n<\/div>\n<\/div>\n<\/div><\/div><\/div><div class=\"fusion-layout-column fusion_builder_column fusion-builder-column-1 fusion_builder_column_1_2 1_2 fusion-flex-column\" style=\"--awb-bg-size:cover;--awb-width-large:50%;--awb-margin-top-large:0px;--awb-spacing-right-large:3.84%;--awb-margin-bottom-large:20px;--awb-spacing-left-large:3.84%;--awb-width-medium:50%;--awb-order-medium:0;--awb-spacing-right-medium:3.84%;--awb-spacing-left-medium:3.84%;--awb-width-small:100%;--awb-order-small:0;--awb-spacing-right-small:1.92%;--awb-spacing-left-small:1.92%;\"><div class=\"fusion-column-wrapper fusion-column-has-shadow fusion-flex-justify-content-flex-start fusion-content-layout-column\"><div ><a class=\"fusion-button button-flat fusion-button-default-size button-custom fusion-button-default button-1 fusion-button-default-span fusion-button-default-type\" style=\"--button_accent_color:var(--awb-color1);--button_accent_hover_color:var(--awb-color1);--button_border_hover_color:rgba(255,255,255,0);--button_gradient_top_color:var(--awb-color7);--button_gradient_bottom_color:var(--awb-color7);--button_gradient_top_color_hover:var(--awb-color5);--button_gradient_bottom_color_hover:var(--awb-color5);\" target=\"_blank\" rel=\"noopener noreferrer\" href=\"#\" data-toggle=\"modal\" data-target=\".fusion-modal.beschikbaarheid\"><span class=\"fusion-button-text awb-button__text awb-button__text--default\">Verf\u00fcgbarkeit  &gt;<\/span><\/a><\/div><div class=\"fusion-modal modal fade modal-1 beschikbaarheid\" tabindex=\"-1\" role=\"dialog\" aria-labelledby=\"modal-heading-1\" aria-hidden=\"true\" style=\"--awb-border-color:var(--awb-color3);--awb-background:hsla(var(--awb-color8-h),var(--awb-color8-s),calc( var(--awb-color8-l) + 83% ),var(--awb-color8-a));\"><div class=\"modal-dialog modal-lg\" role=\"document\"><div class=\"modal-content fusion-modal-content\"><div class=\"modal-header\"><button class=\"close\" type=\"button\" data-dismiss=\"modal\" aria-hidden=\"true\" aria-label=\"Close\">&times;<\/button><h3 class=\"modal-title\" id=\"modal-heading-1\" data-dismiss=\"modal\" aria-hidden=\"true\"><\/h3><\/div><div class=\"modal-body fusion-clearfix\">\n<div class=\"r34ics-ajax-container loading\" id=\"r69ef3c9060b53ee\" data-view=\"month\" data-view-is-list-style=\"0\" data-view-is-list-long=\"0\" data-args=\"{&quot;ajax&quot;:&quot;1&quot;,&quot;arrayonly&quot;:null,&quot;attach&quot;:&quot;&quot;,&quot;basicauth&quot;:&quot;0&quot;,&quot;category&quot;:&quot;&quot;,&quot;color&quot;:&quot;#b52a03&quot;,&quot;columnlabels&quot;:&quot;0&quot;,&quot;combinemultiday&quot;:&quot;0&quot;,&quot;compact&quot;:&quot;0&quot;,&quot;count&quot;:0,&quot;curlopts&quot;:&quot;&quot;,&quot;currentweek&quot;:false,&quot;customoptions&quot;:[&quot;&quot;],&quot;debug&quot;:&quot;0&quot;,&quot;description&quot;:false,&quot;eventdesc&quot;:&quot;1&quot;,&quot;eventdl&quot;:&quot;0&quot;,&quot;eventlocaltime&quot;:&quot;0&quot;,&quot;extendmultiday&quot;:&quot;0&quot;,&quot;feedlabel&quot;:&quot;&quot;,&quot;feedlabelindesc&quot;:&quot;0&quot;,&quot;fixredundantuids&quot;:&quot;0&quot;,&quot;format&quot;:&quot;&quot;,&quot;formatmonthyear&quot;:&quot;F Y&quot;,&quot;fulldateintable&quot;:&quot;0&quot;,&quot;guid&quot;:&quot;r69ef3c9060b53ee&quot;,&quot;hidealldayindicator&quot;:&quot;1&quot;,&quot;hidecancelledevents&quot;:&quot;0&quot;,&quot;hideprivateevents&quot;:&quot;0&quot;,&quot;hiderecurrence&quot;:&quot;1&quot;,&quot;hidetentativeevents&quot;:&quot;0&quot;,&quot;hidetimes&quot;:&quot;0&quot;,&quot;htmltagdate&quot;:&quot;h4&quot;,&quot;htmltageventdesc&quot;:&quot;div&quot;,&quot;htmltageventtitle&quot;:&quot;span&quot;,&quot;htmltagmonth&quot;:&quot;h3&quot;,&quot;htmltagtime&quot;:&quot;span&quot;,&quot;htmltagtitle&quot;:&quot;h2&quot;,&quot;legacyparser&quot;:null,&quot;legendinline&quot;:false,&quot;legendposition&quot;:&quot;above&quot;,&quot;legendstyle&quot;:&quot;inline&quot;,&quot;limitdays&quot;:455,&quot;limitdayscustom&quot;:false,&quot;linebreakfix&quot;:null,&quot;linktitles&quot;:&quot;0&quot;,&quot;location&quot;:&quot;true&quot;,&quot;mapsource&quot;:&quot;google&quot;,&quot;maskinfo&quot;:&quot;Niet beschikbaar&quot;,&quot;method&quot;:&quot;&quot;,&quot;monthnav&quot;:&quot;select&quot;,&quot;nolink&quot;:&quot;0&quot;,&quot;nomobile&quot;:&quot;0&quot;,&quot;nomonthheaders&quot;:&quot;0&quot;,&quot;nostyle&quot;:null,&quot;organizer&quot;:&quot;1&quot;,&quot;pagination&quot;:0,&quot;paginationposition&quot;:null,&quot;pastdays&quot;:&quot;&quot;,&quot;reload&quot;:&quot;0&quot;,&quot;resources&quot;:&quot;0&quot;,&quot;reverse&quot;:false,&quot;sametab&quot;:&quot;0&quot;,&quot;showendtimes&quot;:&quot;1&quot;,&quot;skip&quot;:0,&quot;skipdomainerrors&quot;:&quot;0&quot;,&quot;skiprecurrence&quot;:&quot;0&quot;,&quot;solidcolors&quot;:&quot;0&quot;,&quot;startdate&quot;:&quot;&quot;,&quot;stickymonths&quot;:&quot;1&quot;,&quot;tablebg&quot;:&quot;&quot;,&quot;timeformat&quot;:&quot;H:i&quot;,&quot;title&quot;:false,&quot;toggle&quot;:&quot;0&quot;,&quot;tz&quot;:&quot;&quot;,&quot;ua&quot;:null,&quot;url&quot;:&quot;r34ics-url-67eafcffb12b87.85295523&quot;,&quot;view&quot;:&quot;month&quot;,&quot;weeknumbers&quot;:&quot;0&quot;,&quot;whitetext&quot;:&quot;0&quot;,&quot;availability_only&quot;:false,&quot;booked_day_bg_color&quot;:&quot;&quot;,&quot;calendar_illustrations&quot;:&quot;0&quot;,&quot;combined_availability&quot;:false,&quot;empty_day_bg_color&quot;:&quot;transparent&quot;,&quot;empty_day_description&quot;:&quot;&quot;,&quot;empty_day_title&quot;:&quot;Beschikbaar&quot;,&quot;eventdesc_length&quot;:&quot;&quot;,&quot;fc_hide_alldayslot&quot;:false,&quot;fc_no_overlap&quot;:false,&quot;fill_empty_days&quot;:&quot;1&quot;,&quot;filters&quot;:&quot;a:2:{s:21:\\&quot;filtereventcssclasses\\&quot;;a:1:{s:6:\\&quot;enable\\&quot;;s:1:\\&quot;0\\&quot;;}s:18:\\&quot;filterexcludeevent\\&quot;;a:1:{s:6:\\&quot;enable\\&quot;;s:1:\\&quot;0\\&quot;;}}&quot;,&quot;grid_show_empty&quot;:false,&quot;hiddenonload&quot;:&quot;&quot;,&quot;hideweekends&quot;:false,&quot;id&quot;:&quot;5614&quot;,&quot;month_list_all&quot;:&quot;0&quot;,&quot;month_table_list_toggle&quot;:&quot;0&quot;,&quot;no_angled_backgrounds&quot;:false,&quot;pagination_auto_cycle&quot;:false,&quot;regex_pattern&quot;:null,&quot;regex_replacement&quot;:null,&quot;regex_scope&quot;:null,&quot;regex&quot;:null,&quot;showfilter&quot;:&quot;0&quot;,&quot;subscribelink&quot;:&quot;0&quot;,&quot;tzinlegend&quot;:&quot;0&quot;,&quot;upnext_future_label&quot;:&quot;&quot;,&quot;upnext_now_label&quot;:&quot;&quot;,&quot;upnext_show_future&quot;:false,&quot;upnext_show_date&quot;:false,&quot;use_client_tz&quot;:&quot;0&quot;,&quot;guid_static&quot;:&quot;&quot;,&quot;startdate_static&quot;:&quot;&quot;,&quot;icsfeedsource&quot;:&quot;feed_url&quot;}\">&nbsp;<\/div>\n<\/div><div class=\"modal-footer\"><button class=\"fusion-button button-default button-medium button default medium\" type=\"button\" data-dismiss=\"modal\">Close<\/button><\/div><\/div><\/div><\/div><\/div><\/div><div class=\"fusion-layout-column fusion_builder_column fusion-builder-column-2 fusion_builder_column_1_2 1_2 fusion-flex-column\" style=\"--awb-bg-size:cover;--awb-width-large:50%;--awb-margin-top-large:0px;--awb-spacing-right-large:3.84%;--awb-margin-bottom-large:20px;--awb-spacing-left-large:3.84%;--awb-width-medium:50%;--awb-order-medium:0;--awb-spacing-right-medium:3.84%;--awb-spacing-left-medium:3.84%;--awb-width-small:100%;--awb-order-small:0;--awb-spacing-right-small:1.92%;--awb-spacing-left-small:1.92%;\"><div class=\"fusion-column-wrapper fusion-column-has-shadow fusion-flex-justify-content-flex-start fusion-content-layout-column\"><div ><a class=\"fusion-button button-flat fusion-button-default-size button-custom fusion-button-default button-2 fusion-button-default-span fusion-button-default-type\" style=\"--button_accent_color:var(--awb-color1);--button_accent_hover_color:var(--awb-color1);--button_border_hover_color:rgba(255,255,255,0);--button_gradient_top_color:var(--awb-color4);--button_gradient_bottom_color:var(--awb-color4);--button_gradient_top_color_hover:var(--awb-color5);--button_gradient_bottom_color_hover:var(--awb-color5);\" target=\"_blank\" rel=\"noopener noreferrer\" href=\"https:\/\/reservations.cubilis.eu\/tamarisk-villages-la-liviniere?language=nl-NL&amp;room=49046\"><span class=\"fusion-button-text awb-button__text awb-button__text--default\">Buchen Sie  &gt; <\/span><\/a><\/div><\/div><\/div><\/div><\/div><div class=\"fusion-fullwidth fullwidth-box fusion-builder-row-2 fusion-flex-container nonhundred-percent-fullwidth non-hundred-percent-height-scrolling\" style=\"--awb-border-radius-top-left:0px;--awb-border-radius-top-right:0px;--awb-border-radius-bottom-right:0px;--awb-border-radius-bottom-left:0px;--awb-flex-wrap:wrap;\" ><div class=\"fusion-builder-row fusion-row fusion-flex-align-items-flex-start fusion-flex-content-wrap\" style=\"max-width:1248px;margin-left: calc(-4% \/ 2 );margin-right: calc(-4% \/ 2 );\"><div class=\"fusion-layout-column fusion_builder_column fusion-builder-column-3 fusion_builder_column_1_1 1_1 fusion-flex-column\" style=\"--awb-bg-size:cover;--awb-width-large:100%;--awb-margin-top-large:0px;--awb-spacing-right-large:1.92%;--awb-margin-bottom-large:0px;--awb-spacing-left-large:1.92%;--awb-width-medium:100%;--awb-spacing-right-medium:1.92%;--awb-spacing-left-medium:1.92%;--awb-width-small:100%;--awb-spacing-right-small:1.92%;--awb-spacing-left-small:1.92%;\"><div class=\"fusion-column-wrapper fusion-flex-justify-content-flex-start fusion-content-layout-column\"><div class=\"fusion-text fusion-text-2\"><\/div><\/div><\/div><\/div><\/div><\/p>\n","protected":false},"excerpt":{"rendered":"<p>Dieses stimmungsvolle Haus aus dem Jahr 1885 wurde stilvoll renoviert, hat aber seine ganze Authentizit\u00e4t bewahrt.<\/p>\n","protected":false},"featured_media":6775,"comment_status":"open","ping_status":"closed","template":"","meta":{"_acf_changed":false,"_monsterinsights_skip_tracking":false,"_monsterinsights_sitenote_active":false,"_monsterinsights_sitenote_note":"","_monsterinsights_sitenote_category":0},"product_brand":[],"product_cat":[338],"product_tag":[354,365,364],"class_list":{"0":"post-6941","1":"product","2":"type-product","3":"status-publish","4":"has-post-thumbnail","6":"product_cat-unterkuenfte","7":"product_tag-3-schlafzimmer","8":"product_tag-8-personen","9":"product_tag-90-m2","11":"first","12":"instock","13":"shipping-taxable","14":"purchasable","15":"product-type-simple"},"acf":[],"aioseo_notices":[],"_links":{"self":[{"href":"https:\/\/tamariskvillages.eu\/de\/wp-json\/wp\/v2\/product\/6941","targetHints":{"allow":["GET"]}}],"collection":[{"href":"https:\/\/tamariskvillages.eu\/de\/wp-json\/wp\/v2\/product"}],"about":[{"href":"https:\/\/tamariskvillages.eu\/de\/wp-json\/wp\/v2\/types\/product"}],"replies":[{"embeddable":true,"href":"https:\/\/tamariskvillages.eu\/de\/wp-json\/wp\/v2\/comments?post=6941"}],"wp:featuredmedia":[{"embeddable":true,"href":"https:\/\/tamariskvillages.eu\/de\/wp-json\/wp\/v2\/media\/6775"}],"wp:attachment":[{"href":"https:\/\/tamariskvillages.eu\/de\/wp-json\/wp\/v2\/media?parent=6941"}],"wp:term":[{"taxonomy":"product_brand","embeddable":true,"href":"https:\/\/tamariskvillages.eu\/de\/wp-json\/wp\/v2\/product_brand?post=6941"},{"taxonomy":"product_cat","embeddable":true,"href":"https:\/\/tamariskvillages.eu\/de\/wp-json\/wp\/v2\/product_cat?post=6941"},{"taxonomy":"product_tag","embeddable":true,"href":"https:\/\/tamariskvillages.eu\/de\/wp-json\/wp\/v2\/product_tag?post=6941"}],"curies":[{"name":"wp","href":"https:\/\/api.w.org\/{rel}","templated":true}]}}