{"id":5287,"date":"2024-03-09T12:31:42","date_gmt":"2024-03-09T12:31:42","guid":{"rendered":"https:\/\/tamariskvillages.eu\/que-faire\/"},"modified":"2025-11-20T19:23:28","modified_gmt":"2025-11-20T19:23:28","slug":"que-faire","status":"publish","type":"page","link":"https:\/\/tamariskvillages.eu\/fr\/que-faire\/","title":{"rendered":"Que faire ?"},"content":{"rendered":"<div class=\"fusion-fullwidth fullwidth-box fusion-builder-row-1 fusion-flex-container nonhundred-percent-fullwidth non-hundred-percent-height-scrolling\" style=\"--awb-border-radius-top-left:0px;--awb-border-radius-top-right:0px;--awb-border-radius-bottom-right:0px;--awb-border-radius-bottom-left:0px;--awb-flex-wrap:wrap;\" ><div class=\"fusion-builder-row fusion-row fusion-flex-align-items-flex-start fusion-flex-content-wrap\" style=\"max-width:1248px;margin-left: calc(-4% \/ 2 );margin-right: calc(-4% \/ 2 );\"><div class=\"fusion-layout-column fusion_builder_column fusion-builder-column-0 fusion_builder_column_1_2 1_2 fusion-flex-column\" style=\"--awb-bg-size:cover;--awb-width-large:50%;--awb-margin-top-large:0px;--awb-spacing-right-large:3.84%;--awb-margin-bottom-large:0px;--awb-spacing-left-large:3.84%;--awb-width-medium:50%;--awb-order-medium:0;--awb-spacing-right-medium:3.84%;--awb-spacing-left-medium:3.84%;--awb-width-small:100%;--awb-order-small:0;--awb-spacing-right-small:1.92%;--awb-spacing-left-small:1.92%;\"><div class=\"fusion-column-wrapper fusion-column-has-shadow fusion-flex-justify-content-flex-start fusion-content-layout-column\"><div class=\"fusion-title title fusion-title-1 fusion-sep-none fusion-title-text fusion-title-size-one\"><h1 class=\"fusion-title-heading title-heading-left fusion-responsive-typography-calculated\" style=\"margin:0;text-transform:none;--fontSize:72;line-height:var(--awb-typography1-line-height);\">Que faire pendant les vacances ?<\/h1><\/div><div class=\"fusion-text fusion-text-1 fusion-text-no-margin\" style=\"--awb-content-alignment:center;--awb-font-size:20px;--awb-margin-bottom:0px;\"><p>ENVIRONNEMENT<\/p>\n<p>Cantignergues est un village situ\u00e9 dans la vall\u00e9e de la Cesse, entour\u00e9 de ch\u00eanes verts et de ch\u00e2taigniers. La petite rivi\u00e8re de la Cesse, qui traverse notre terrain, serpente \u00e0 travers le Minervois, une vaste et belle zone naturelle prot\u00e9g\u00e9e comme Parc Naturel R\u00e9gional. Vous ne trouverez pas du tourisme de masse mais du calme et de la tranquillit\u00e9 ! La route goudronn\u00e9e se termine \u00e0 Cantignergues. Ici, la route se divise en un r\u00e9seau de chemins non goudronn\u00e9s, parfaits pour la randonn\u00e9e ou le VTT. Sur ces chemins, vous pouvez marcher ou profiter des plus beaux points de vue de cette partie accident\u00e9e du sud de la France. Par temps clair les sommets (enneig\u00e9s) des Pyr\u00e9n\u00e9es sont clairement visibles. Si vous suivez la Cesse, vous verrez que la douce vall\u00e9e se transforme rapidement en une gorge \u00e9troite et accident\u00e9e. Une excursion dans la Cesse, guid\u00e9e par l&rsquo;un de nos collaborateurs, vous fera vivre une exp\u00e9rience inoubliable. Aussi sur notre domaine vous ne devez pas vous ennuyer, plusieurs activit\u00e9s y sont propos\u00e9es en \u00e9t\u00e9.<\/p>\n<p>ACTIVIT\u00c9S<\/p>\n<p>INSPIRATION<\/p>\n<p>En haute saison, une \u00e9quipe pastorale fournit un programme spirituel. Par exemple, chaque jour, le matin et le soir, un moment de r\u00e9flexion est organis\u00e9. Au cours de celles-ci, nous r\u00e9fl\u00e9chissons ensemble \u00e0 la Bible, nous chantons et nous prions ensemble. En outre, une fois par semaine une soir\u00e9e de louange a lieu, o\u00f9 chacun est invit\u00e9 \u00e0 apporter son propre instrument de musique. Le dimanche, un culte est organis\u00e9 pour r\u00e9fl\u00e9chir ensemble au r\u00f4le central que J\u00e9sus-Christ prend dans ce monde et dans nos propres vies. Toutes ces r\u00e9unions ont un caract\u00e8re \u0153cum\u00e9nique et expriment l&rsquo;unit\u00e9 que nous pouvons vivre en tant que membres de l&rsquo;unique Corps du Christ.<\/p>\n<p>En outre, l&rsquo;\u00e9quipe pastorale offre une oreille attentive \u00e0 ceux qui ont besoin de parler.<\/p>\n<p>Le principe de base est que personne ne doit se sentir oblig\u00e9 de participer \u00e0 quoi que ce soit.<\/p>\n<p>Mais nous esp\u00e9rons bien s\u00fbr que le d\u00e9sir de partager notre foi et de nous \u00e9difier les uns les autres est partag\u00e9 par le plus de visiteurs possibles.<\/p>\n<p>ACTIVIT\u00c9S<\/p>\n<p>SPORTS DE PLEIN AIR<\/p>\n<p>Randonn\u00e9e, VTT, cyclisme, tir \u00e0 l&rsquo;arc, canyoning, voile, surf : la r\u00e9gion de la Porte d&rsquo;Esp\u00e9rance se pr\u00eate \u00e0 de nombreuses activit\u00e9s sportives. Le point de d\u00e9part est souvent Cantignergues m\u00eame. Dans d&rsquo;autres cas, il faut une demi-heure de route, par exemple pour aller au lac de Jouarres, situ\u00e9 entre Olonzac et Homps (voile, surf, p\u00e9dalos), ou \u00e0 Caunes, pour faire l&rsquo;escalade \u00e0 Madame du Cross.<\/p>\n<p>Le cano\u00eb-kayak en milieu naturel fait \u00e9galement partie des options, mais il faut compter une heure de route pour s&rsquo;y rendre. Il est \u00e9galement possible de visiter la plage de Narbonne, \u00e0 un peu plus d&rsquo;une heure de route. Vous pourrez y prendre un bain de soleil ou vous plonger dans la M\u00e9diterran\u00e9e. Le choix est infini !<\/p>\n<p>Porte d&rsquo;Esp\u00e9rance est situ\u00e9e dans un minuscule village, dans une vall\u00e9e cach\u00e9e du sud de la France. Nous croyons que nous avons \u00e9t\u00e9 conduits \u00e0 cet endroit parce que Dieu lui-m\u00eame veut y \u00eatre une porte d&rsquo;esp\u00e9rance. Un endroit o\u00f9 il se laisse trouver et o\u00f9 les gens sont trouv\u00e9s par lui. Un endroit o\u00f9 les gens peuvent reprendre leur souffle, \u00eatre mis sur une autre voie ou se pr\u00e9parer \u00e0 un nouveau pas.<\/p>\n<p>Tout le monde est le bienvenu dans cette oasis de verdure. L\u00e0 o\u00f9 la louange retentit, la Bible est ouverte et la pri\u00e8re ne cesse pas. Nous esp\u00e9rons particuli\u00e8rement que Porte d&rsquo;Esp\u00e9rance sera avant tout au service des chr\u00e9tiens et des communaut\u00e9s chr\u00e9tiennes dans le sud de la France, mais aussi aux Pays-Bas, en Belgique et dans le reste de l&rsquo;Europe.<\/p>\n<p>Pendant les p\u00e9riodes de vacances, nous offrons un accueil hospitalier dans un lieu paradisiaque. O\u00f9 les h\u00f4tes se d\u00e9tendent, s&rsquo;amusent et sont actifs. O\u00f9 la terrasse du village invite \u00e0 de bonnes conversations.<\/p>\n<p>Dans l\u2019id\u00e9al, il y aura au c\u0153ur de Porte d&rsquo;Esp\u00e9rance une petite communaut\u00e9 missionnaire. Pour atteindre cela, il y a encore beaucoup de travail \u00e0 faire. Il faut notamment r\u00e9nover certaines maisons, cr\u00e9er un nouvel espace d&rsquo;accueil, remettre \u00e0 neuf la chapelle, et rendre les terrains les plus durables et autosuffisants possible.<\/p>\n<p>Nous recherchons donc des personnes d\u00e9sireuses de prier avec nous, d&rsquo;aider \u00e0 travailler ou de faire un don pour que le r\u00eave de Porte d&rsquo;Esp\u00e9rance devienne de plus en plus une r\u00e9alit\u00e9.<\/p>\n<p>Vous voulez savoir comment nous soutenir ? Jetez un coup d&rsquo;\u0153il sur<\/p>\n<p><a href=\"https:\/\/portedesperance.eu\/fr\/soutenez-nous\/\">https:\/\/portedesperance.eu\/fr\/soutenez-nous\/<\/a><\/p>\n<p>UN COEUR NOUVEAU<\/p>\n<p>Aidez-nous \u00e0 construire une nouvelle maison (d&rsquo;administrateur) pour notre communaut\u00e9 missionnaire !<\/p>\n<p>Porte d&rsquo;Esp\u00e9rance est \u00e0 la recherche d&rsquo;une nouvelle communaut\u00e9 missionnaire qui puisse donner une forme pratique et spirituelle \u00e0 notre minist\u00e8re. Pour bien fonctionner, ces personnes ont besoin d&rsquo;un lieu de vie et de travail agr\u00e9able. L&rsquo;actuelle maison d\u2019administrateur, Ch\u00eane, est tr\u00e8s vieille et d\u00e9labr\u00e9e, le toit fuit et est sur le point de s&rsquo;effondrer.<\/p>\n<p>Nous voulons remettre la maison en \u00e9tat et, ce faisant, profiter de l&rsquo;occasion pour r\u00e9nover l&rsquo;ensemble de la maison, l&rsquo;agrandir, la moderniser et ajouter un espace de r\u00e9ception pour les invit\u00e9s. De cette fa\u00e7on, la maison peut vraiment devenir le c\u0153ur du centre.<\/p>\n<p>Pour ce faire, nous faisons appel \u00e0 votre aide. Vous pouvez nous soutenir par un don financier ou en parrainant une partie sp\u00e9cifique des travaux. Peut-\u00eatre que vous ou votre entreprise souhaite donner un peu de son temps et se porter volontaire pour offrir son expertise (par exemple en mati\u00e8re de construction) afin de r\u00e9aliser une partie du projet.<\/p>\n<p>Les plans de la maison r\u00e9nov\u00e9e peuvent \u00eatre consult\u00e9s \u00e0 l&rsquo;adresse suivante : <a href=\"https:\/\/portedesperance.eu\/fr\/operation-nouveau-coeur\/\">https:\/\/portedesperance.eu\/fr\/operation-nouveau-coeur\/<\/a><\/p>\n<p>ACTION VIN<\/p>\n<p>Le-chajim : nous aimons dire \u00ab sant\u00e9 \u00bb lors de la pr\u00e9sentation de notre action de vin ! Et nous attendons comme r\u00e9action des acheteurs de cet excellent vin\u00a0: \u00ab\u00a0Le-Chajim oulibracha\u00a0\u00bb (Vie et B\u00e9n\u00e9diction). Tr\u00e8s bri\u00e8vement, cela r\u00e9sume l&rsquo;objectif de cette campagne.<\/p>\n<p>Traduit de mani\u00e8re un peu plus libre : \u00e0 la vie telle que Dieu l&rsquo;a voulue et \u00e0 la b\u00e9n\u00e9diction de tous ceux que nous rencontrons ! En effet, c&rsquo;est notre mission avec Porte d&rsquo;Esp\u00e9rance.<\/p>\n<p>Pour r\u00e9aliser nos projets de (re)construction, nous vous proposons une offre tr\u00e8s int\u00e9ressante : pour \u20ac 15,00 par bouteille, vous contribuez \u00e0 nos projets \u00e0 hauteur de \u20ac 15,00 nets. Mais nous esp\u00e9rons bien s\u00fbr que beaucoup ach\u00e8teront un carton entier (\u20ac 90.00). Le vin est pay\u00e9 par un don de l&rsquo;un de nos donateurs.<\/p>\n<p>Le connaisseur remarquera imm\u00e9diatement que l&rsquo;\u00e9tiquette indique 2025. Ce n&rsquo;est pas tr\u00e8s courant. Peut-\u00eatre cela semble-t-il proposer de conserver la bouteille jusqu&rsquo;\u00e0 cette date, mais ce n&rsquo;est pas n\u00e9cessaire, bien s\u00fbr, car c&rsquo;est un vin un peu trop bon pour \u00eatre laiss\u00e9 de c\u00f4t\u00e9 aussi longtemps.<\/p>\n<p>L&rsquo;id\u00e9e derri\u00e8re cette \u00e9tiquette est que nous prions et travaillons \u00e0 la r\u00e9alisation de la communaut\u00e9 missionnaire \u00e0 Cantignergues vers 2025. Pour r\u00e9aliser cela, il reste encore beaucoup de travail \u00e0 faire et donc beaucoup d&rsquo;argent \u00e0 collecter. Acheter ce vin est une fa\u00e7on de donner de l&rsquo;argent, mais aussi de recevoir quelque chose en retour. \u00a0Vous pouvez commander via le site web : <a href=\"https:\/\/portedesperance.eu\/fr\/action-vin\/\">https:\/\/portedesperance.eu\/fr\/action-vin\/<\/a><\/p>\n<\/div><\/div><\/div><div class=\"fusion-layout-column fusion_builder_column fusion-builder-column-1 fusion_builder_column_1_2 1_2 fusion-flex-column\" style=\"--awb-bg-size:cover;--awb-width-large:50%;--awb-margin-top-large:0px;--awb-spacing-right-large:3.84%;--awb-margin-bottom-large:0px;--awb-spacing-left-large:3.84%;--awb-width-medium:50%;--awb-order-medium:0;--awb-spacing-right-medium:3.84%;--awb-spacing-left-medium:3.84%;--awb-width-small:100%;--awb-order-small:0;--awb-spacing-right-small:1.92%;--awb-spacing-left-small:1.92%;\"><div class=\"fusion-column-wrapper fusion-column-has-shadow fusion-flex-justify-content-flex-start fusion-content-layout-column\"><div class=\"awb-gallery-wrapper awb-gallery-wrapper-1 button-span-no\" style=\"--more-btn-alignment:center;\" data-limit=\"10\" data-page=\"1\"><div style=\"margin:-5px;--awb-bordersize:0px;\" class=\"fusion-gallery fusion-gallery-container fusion-grid-3 fusion-columns-total-7 fusion-gallery-layout-grid fusion-gallery-1\"><div style=\"padding:5px;\" class=\"fusion-grid-column fusion-gallery-column fusion-gallery-column-3 hover-type-none\"><div class=\"fusion-gallery-image\"><a href=\"https:\/\/tamariskvillages.eu\/wp-content\/uploads\/2024\/03\/DSC_0019-scaled.jpg\" rel=\"noreferrer\" data-rel=\"iLightbox[gallery_image_1]\" class=\"fusion-lightbox\" target=\"_self\"><img decoding=\"async\" src=\"https:\/\/tamariskvillages.eu\/wp-content\/uploads\/2024\/03\/DSC_0019-scaled.jpg\" data-orig-src=\"https:\/\/tamariskvillages.eu\/wp-content\/uploads\/2024\/03\/DSC_0019-scaled.jpg\" width=\"1933\" height=\"1285\" alt=\"\" title=\"DSC_0019\" aria-label=\"DSC_0019\" class=\"lazyload img-responsive wp-image-5222\" srcset=\"data:image\/svg+xml,%3Csvg%20xmlns%3D%27http%3A%2F%2Fwww.w3.org%2F2000%2Fsvg%27%20width%3D%271933%27%20height%3D%271285%27%20viewBox%3D%270%200%201933%201285%27%3E%3Crect%20width%3D%271933%27%20height%3D%271285%27%20fill-opacity%3D%220%22%2F%3E%3C%2Fsvg%3E\" data-srcset=\"https:\/\/tamariskvillages.eu\/wp-content\/uploads\/2024\/03\/DSC_0019-200x133.jpg 200w, https:\/\/tamariskvillages.eu\/wp-content\/uploads\/2024\/03\/DSC_0019-400x266.jpg 400w, https:\/\/tamariskvillages.eu\/wp-content\/uploads\/2024\/03\/DSC_0019-600x399.jpg 600w, https:\/\/tamariskvillages.eu\/wp-content\/uploads\/2024\/03\/DSC_0019-800x532.jpg 800w, https:\/\/tamariskvillages.eu\/wp-content\/uploads\/2024\/03\/DSC_0019-1200x798.jpg 1200w, https:\/\/tamariskvillages.eu\/wp-content\/uploads\/2024\/03\/DSC_0019-scaled.jpg 1933w\" data-sizes=\"auto\" data-orig-sizes=\"(min-width: 2200px) 100vw, (min-width: 784px) 397px, (min-width: 712px) 595px, (min-width: 640px) 712px, \" \/><\/a><\/div><\/div><div style=\"padding:5px;\" class=\"fusion-grid-column fusion-gallery-column fusion-gallery-column-3 hover-type-none\"><div class=\"fusion-gallery-image\"><a href=\"https:\/\/tamariskvillages.eu\/wp-content\/uploads\/2024\/03\/P1050436-scaled.jpg\" rel=\"noreferrer\" data-rel=\"iLightbox[gallery_image_1]\" class=\"fusion-lightbox\" target=\"_self\"><img decoding=\"async\" src=\"https:\/\/tamariskvillages.eu\/wp-content\/uploads\/2024\/03\/P1050436-scaled.jpg\" data-orig-src=\"https:\/\/tamariskvillages.eu\/wp-content\/uploads\/2024\/03\/P1050436-scaled.jpg\" width=\"1450\" height=\"1933\" alt=\"\" title=\"P1050436\" aria-label=\"P1050436\" class=\"lazyload img-responsive wp-image-5219\" srcset=\"data:image\/svg+xml,%3Csvg%20xmlns%3D%27http%3A%2F%2Fwww.w3.org%2F2000%2Fsvg%27%20width%3D%271450%27%20height%3D%271933%27%20viewBox%3D%270%200%201450%201933%27%3E%3Crect%20width%3D%271450%27%20height%3D%271933%27%20fill-opacity%3D%220%22%2F%3E%3C%2Fsvg%3E\" data-srcset=\"https:\/\/tamariskvillages.eu\/wp-content\/uploads\/2024\/03\/P1050436-200x267.jpg 200w, https:\/\/tamariskvillages.eu\/wp-content\/uploads\/2024\/03\/P1050436-400x533.jpg 400w, https:\/\/tamariskvillages.eu\/wp-content\/uploads\/2024\/03\/P1050436-600x800.jpg 600w, https:\/\/tamariskvillages.eu\/wp-content\/uploads\/2024\/03\/P1050436-800x1067.jpg 800w, https:\/\/tamariskvillages.eu\/wp-content\/uploads\/2024\/03\/P1050436-1200x1600.jpg 1200w, https:\/\/tamariskvillages.eu\/wp-content\/uploads\/2024\/03\/P1050436-scaled.jpg 1450w\" data-sizes=\"auto\" data-orig-sizes=\"(min-width: 2200px) 100vw, (min-width: 784px) 397px, (min-width: 712px) 595px, (min-width: 640px) 712px, \" \/><\/a><\/div><\/div><div style=\"padding:5px;\" class=\"fusion-grid-column fusion-gallery-column fusion-gallery-column-3 hover-type-none\"><div class=\"fusion-gallery-image\"><a href=\"https:\/\/tamariskvillages.eu\/wp-content\/uploads\/2024\/03\/P1050836-scaled.jpg\" rel=\"noreferrer\" data-rel=\"iLightbox[gallery_image_1]\" class=\"fusion-lightbox\" target=\"_self\"><img decoding=\"async\" src=\"https:\/\/tamariskvillages.eu\/wp-content\/uploads\/2024\/03\/P1050836-scaled.jpg\" data-orig-src=\"https:\/\/tamariskvillages.eu\/wp-content\/uploads\/2024\/03\/P1050836-scaled.jpg\" width=\"1450\" height=\"1933\" alt=\"\" title=\"P1050836\" aria-label=\"P1050836\" class=\"lazyload img-responsive wp-image-5216\" srcset=\"data:image\/svg+xml,%3Csvg%20xmlns%3D%27http%3A%2F%2Fwww.w3.org%2F2000%2Fsvg%27%20width%3D%271450%27%20height%3D%271933%27%20viewBox%3D%270%200%201450%201933%27%3E%3Crect%20width%3D%271450%27%20height%3D%271933%27%20fill-opacity%3D%220%22%2F%3E%3C%2Fsvg%3E\" data-srcset=\"https:\/\/tamariskvillages.eu\/wp-content\/uploads\/2024\/03\/P1050836-200x267.jpg 200w, https:\/\/tamariskvillages.eu\/wp-content\/uploads\/2024\/03\/P1050836-400x533.jpg 400w, https:\/\/tamariskvillages.eu\/wp-content\/uploads\/2024\/03\/P1050836-600x800.jpg 600w, https:\/\/tamariskvillages.eu\/wp-content\/uploads\/2024\/03\/P1050836-800x1067.jpg 800w, https:\/\/tamariskvillages.eu\/wp-content\/uploads\/2024\/03\/P1050836-1200x1600.jpg 1200w, https:\/\/tamariskvillages.eu\/wp-content\/uploads\/2024\/03\/P1050836-scaled.jpg 1450w\" data-sizes=\"auto\" data-orig-sizes=\"(min-width: 2200px) 100vw, (min-width: 784px) 397px, (min-width: 712px) 595px, (min-width: 640px) 712px, \" \/><\/a><\/div><\/div><div class=\"clearfix\"><\/div><div style=\"padding:5px;\" class=\"fusion-grid-column fusion-gallery-column fusion-gallery-column-3 hover-type-none\"><div class=\"fusion-gallery-image\"><a href=\"https:\/\/tamariskvillages.eu\/wp-content\/uploads\/2024\/03\/P1050718-scaled.jpg\" rel=\"noreferrer\" data-rel=\"iLightbox[gallery_image_1]\" class=\"fusion-lightbox\" target=\"_self\"><img decoding=\"async\" src=\"https:\/\/tamariskvillages.eu\/wp-content\/uploads\/2024\/03\/P1050718-scaled.jpg\" data-orig-src=\"https:\/\/tamariskvillages.eu\/wp-content\/uploads\/2024\/03\/P1050718-scaled.jpg\" width=\"1933\" height=\"1450\" alt=\"\" title=\"P1050718\" aria-label=\"P1050718\" class=\"lazyload img-responsive wp-image-5213\" srcset=\"data:image\/svg+xml,%3Csvg%20xmlns%3D%27http%3A%2F%2Fwww.w3.org%2F2000%2Fsvg%27%20width%3D%271933%27%20height%3D%271450%27%20viewBox%3D%270%200%201933%201450%27%3E%3Crect%20width%3D%271933%27%20height%3D%271450%27%20fill-opacity%3D%220%22%2F%3E%3C%2Fsvg%3E\" data-srcset=\"https:\/\/tamariskvillages.eu\/wp-content\/uploads\/2024\/03\/P1050718-200x150.jpg 200w, https:\/\/tamariskvillages.eu\/wp-content\/uploads\/2024\/03\/P1050718-400x300.jpg 400w, https:\/\/tamariskvillages.eu\/wp-content\/uploads\/2024\/03\/P1050718-600x450.jpg 600w, https:\/\/tamariskvillages.eu\/wp-content\/uploads\/2024\/03\/P1050718-800x600.jpg 800w, https:\/\/tamariskvillages.eu\/wp-content\/uploads\/2024\/03\/P1050718-1200x900.jpg 1200w, https:\/\/tamariskvillages.eu\/wp-content\/uploads\/2024\/03\/P1050718-scaled.jpg 1933w\" data-sizes=\"auto\" data-orig-sizes=\"(min-width: 2200px) 100vw, (min-width: 784px) 397px, (min-width: 712px) 595px, (min-width: 640px) 712px, \" \/><\/a><\/div><\/div><div style=\"padding:5px;\" class=\"fusion-grid-column fusion-gallery-column fusion-gallery-column-3 hover-type-none\"><div class=\"fusion-gallery-image\"><a href=\"https:\/\/tamariskvillages.eu\/wp-content\/uploads\/2024\/03\/18-augustus-2020-Tamarisk-Villages-Cantignergues_-18-scaled.jpg\" rel=\"noreferrer\" data-rel=\"iLightbox[gallery_image_1]\" class=\"fusion-lightbox\" target=\"_self\"><img decoding=\"async\" src=\"https:\/\/tamariskvillages.eu\/wp-content\/uploads\/2024\/03\/18-augustus-2020-Tamarisk-Villages-Cantignergues_-18-scaled.jpg\" data-orig-src=\"https:\/\/tamariskvillages.eu\/wp-content\/uploads\/2024\/03\/18-augustus-2020-Tamarisk-Villages-Cantignergues_-18-scaled.jpg\" width=\"1933\" height=\"1289\" alt=\"\" title=\"18 ao\u00fbt 2020 Tamaris Villages Cantignergues_-18\" aria-label=\"18 ao\u00fbt 2020 Tamaris Villages Cantignergues_-18\" class=\"lazyload img-responsive wp-image-5210\" srcset=\"data:image\/svg+xml,%3Csvg%20xmlns%3D%27http%3A%2F%2Fwww.w3.org%2F2000%2Fsvg%27%20width%3D%271933%27%20height%3D%271289%27%20viewBox%3D%270%200%201933%201289%27%3E%3Crect%20width%3D%271933%27%20height%3D%271289%27%20fill-opacity%3D%220%22%2F%3E%3C%2Fsvg%3E\" data-srcset=\"https:\/\/tamariskvillages.eu\/wp-content\/uploads\/2024\/03\/18-augustus-2020-Tamarisk-Villages-Cantignergues_-18-200x133.jpg 200w, https:\/\/tamariskvillages.eu\/wp-content\/uploads\/2024\/03\/18-augustus-2020-Tamarisk-Villages-Cantignergues_-18-400x267.jpg 400w, https:\/\/tamariskvillages.eu\/wp-content\/uploads\/2024\/03\/18-augustus-2020-Tamarisk-Villages-Cantignergues_-18-600x400.jpg 600w, https:\/\/tamariskvillages.eu\/wp-content\/uploads\/2024\/03\/18-augustus-2020-Tamarisk-Villages-Cantignergues_-18-800x533.jpg 800w, https:\/\/tamariskvillages.eu\/wp-content\/uploads\/2024\/03\/18-augustus-2020-Tamarisk-Villages-Cantignergues_-18-1200x800.jpg 1200w, https:\/\/tamariskvillages.eu\/wp-content\/uploads\/2024\/03\/18-augustus-2020-Tamarisk-Villages-Cantignergues_-18-scaled.jpg 1933w\" data-sizes=\"auto\" data-orig-sizes=\"(min-width: 2200px) 100vw, (min-width: 784px) 397px, (min-width: 712px) 595px, (min-width: 640px) 712px, \" \/><\/a><\/div><\/div><div style=\"padding:5px;\" class=\"fusion-grid-column fusion-gallery-column fusion-gallery-column-3 hover-type-none\"><div class=\"fusion-gallery-image\"><a href=\"https:\/\/tamariskvillages.eu\/wp-content\/uploads\/2024\/03\/18-augustus-2020-Tamarisk-Villages-Cantignergues_-58-scaled.jpeg\" rel=\"noreferrer\" data-rel=\"iLightbox[gallery_image_1]\" class=\"fusion-lightbox\" target=\"_self\"><img decoding=\"async\" src=\"https:\/\/tamariskvillages.eu\/wp-content\/uploads\/2024\/03\/18-augustus-2020-Tamarisk-Villages-Cantignergues_-58-scaled.jpeg\" data-orig-src=\"https:\/\/tamariskvillages.eu\/wp-content\/uploads\/2024\/03\/18-augustus-2020-Tamarisk-Villages-Cantignergues_-58-scaled.jpeg\" width=\"1933\" height=\"1289\" alt=\"\" title=\"18 ao\u00fbt 2020 Tamaris Villages Cantignergues_-58\" aria-label=\"18 ao\u00fbt 2020 Tamaris Villages Cantignergues_-58\" class=\"lazyload img-responsive wp-image-5207\" srcset=\"data:image\/svg+xml,%3Csvg%20xmlns%3D%27http%3A%2F%2Fwww.w3.org%2F2000%2Fsvg%27%20width%3D%271933%27%20height%3D%271289%27%20viewBox%3D%270%200%201933%201289%27%3E%3Crect%20width%3D%271933%27%20height%3D%271289%27%20fill-opacity%3D%220%22%2F%3E%3C%2Fsvg%3E\" data-srcset=\"https:\/\/tamariskvillages.eu\/wp-content\/uploads\/2024\/03\/18-augustus-2020-Tamarisk-Villages-Cantignergues_-58-200x133.jpeg 200w, https:\/\/tamariskvillages.eu\/wp-content\/uploads\/2024\/03\/18-augustus-2020-Tamarisk-Villages-Cantignergues_-58-400x267.jpeg 400w, https:\/\/tamariskvillages.eu\/wp-content\/uploads\/2024\/03\/18-augustus-2020-Tamarisk-Villages-Cantignergues_-58-600x400.jpeg 600w, https:\/\/tamariskvillages.eu\/wp-content\/uploads\/2024\/03\/18-augustus-2020-Tamarisk-Villages-Cantignergues_-58-800x533.jpeg 800w, https:\/\/tamariskvillages.eu\/wp-content\/uploads\/2024\/03\/18-augustus-2020-Tamarisk-Villages-Cantignergues_-58-1200x800.jpeg 1200w, https:\/\/tamariskvillages.eu\/wp-content\/uploads\/2024\/03\/18-augustus-2020-Tamarisk-Villages-Cantignergues_-58-scaled.jpeg 1933w\" data-sizes=\"auto\" data-orig-sizes=\"(min-width: 2200px) 100vw, (min-width: 784px) 397px, (min-width: 712px) 595px, (min-width: 640px) 712px, \" \/><\/a><\/div><\/div><div class=\"clearfix\"><\/div><div style=\"padding:5px;\" class=\"fusion-grid-column fusion-gallery-column fusion-gallery-column-3 hover-type-none\"><div class=\"fusion-gallery-image\"><a href=\"https:\/\/tamariskvillages.eu\/wp-content\/uploads\/2024\/03\/red-wine-health-benefits-ce3be96b730b41cc82f128abb75c2395.jpg\" rel=\"noreferrer\" data-rel=\"iLightbox[gallery_image_1]\" class=\"fusion-lightbox\" target=\"_self\"><img decoding=\"async\" src=\"https:\/\/tamariskvillages.eu\/wp-content\/uploads\/2024\/03\/red-wine-health-benefits-ce3be96b730b41cc82f128abb75c2395.jpg\" data-orig-src=\"https:\/\/tamariskvillages.eu\/wp-content\/uploads\/2024\/03\/red-wine-health-benefits-ce3be96b730b41cc82f128abb75c2395.jpg\" width=\"1500\" height=\"1125\" alt=\"\" title=\"red-wine-health-benefits-ce3be96b730b41cc82f128abb75c2395\" aria-label=\"red-wine-health-benefits-ce3be96b730b41cc82f128abb75c2395\" class=\"lazyload img-responsive wp-image-5227\" srcset=\"data:image\/svg+xml,%3Csvg%20xmlns%3D%27http%3A%2F%2Fwww.w3.org%2F2000%2Fsvg%27%20width%3D%271500%27%20height%3D%271125%27%20viewBox%3D%270%200%201500%201125%27%3E%3Crect%20width%3D%271500%27%20height%3D%271125%27%20fill-opacity%3D%220%22%2F%3E%3C%2Fsvg%3E\" data-srcset=\"https:\/\/tamariskvillages.eu\/wp-content\/uploads\/2024\/03\/red-wine-health-benefits-ce3be96b730b41cc82f128abb75c2395-200x150.jpg 200w, https:\/\/tamariskvillages.eu\/wp-content\/uploads\/2024\/03\/red-wine-health-benefits-ce3be96b730b41cc82f128abb75c2395-400x300.jpg 400w, https:\/\/tamariskvillages.eu\/wp-content\/uploads\/2024\/03\/red-wine-health-benefits-ce3be96b730b41cc82f128abb75c2395-600x450.jpg 600w, https:\/\/tamariskvillages.eu\/wp-content\/uploads\/2024\/03\/red-wine-health-benefits-ce3be96b730b41cc82f128abb75c2395-800x600.jpg 800w, https:\/\/tamariskvillages.eu\/wp-content\/uploads\/2024\/03\/red-wine-health-benefits-ce3be96b730b41cc82f128abb75c2395-1200x900.jpg 1200w, https:\/\/tamariskvillages.eu\/wp-content\/uploads\/2024\/03\/red-wine-health-benefits-ce3be96b730b41cc82f128abb75c2395.jpg 1500w\" data-sizes=\"auto\" data-orig-sizes=\"(min-width: 2200px) 100vw, (min-width: 784px) 397px, (min-width: 712px) 595px, (min-width: 640px) 712px, \" \/><\/a><\/div><\/div><\/div><\/div><\/div><\/div><\/div><\/div>\n","protected":false},"excerpt":{"rendered":"","protected":false},"author":1,"featured_media":0,"parent":0,"menu_order":0,"comment_status":"closed","ping_status":"closed","template":"100-width.php","meta":{"_acf_changed":false,"_monsterinsights_skip_tracking":false,"_monsterinsights_sitenote_active":false,"_monsterinsights_sitenote_note":"","_monsterinsights_sitenote_category":0,"footnotes":""},"class_list":["post-5287","page","type-page","status-publish","hentry"],"acf":[],"aioseo_notices":[],"_links":{"self":[{"href":"https:\/\/tamariskvillages.eu\/fr\/wp-json\/wp\/v2\/pages\/5287","targetHints":{"allow":["GET"]}}],"collection":[{"href":"https:\/\/tamariskvillages.eu\/fr\/wp-json\/wp\/v2\/pages"}],"about":[{"href":"https:\/\/tamariskvillages.eu\/fr\/wp-json\/wp\/v2\/types\/page"}],"author":[{"embeddable":true,"href":"https:\/\/tamariskvillages.eu\/fr\/wp-json\/wp\/v2\/users\/1"}],"replies":[{"embeddable":true,"href":"https:\/\/tamariskvillages.eu\/fr\/wp-json\/wp\/v2\/comments?post=5287"}],"version-history":[{"count":4,"href":"https:\/\/tamariskvillages.eu\/fr\/wp-json\/wp\/v2\/pages\/5287\/revisions"}],"predecessor-version":[{"id":6034,"href":"https:\/\/tamariskvillages.eu\/fr\/wp-json\/wp\/v2\/pages\/5287\/revisions\/6034"}],"wp:attachment":[{"href":"https:\/\/tamariskvillages.eu\/fr\/wp-json\/wp\/v2\/media?parent=5287"}],"curies":[{"name":"wp","href":"https:\/\/api.w.org\/{rel}","templated":true}]}}