{"id":5277,"date":"2023-09-02T05:07:36","date_gmt":"2023-09-02T05:07:36","guid":{"rendered":"https:\/\/tamariskvillages.eu\/verblijven\/olivier\/"},"modified":"2026-01-22T23:33:43","modified_gmt":"2026-01-22T23:33:43","slug":"olivier","status":"publish","type":"product","link":"https:\/\/tamariskvillages.eu\/fr\/verblijven\/olivier\/","title":{"rendered":"Olivier"},"content":{"rendered":"<div class=\"fusion-fullwidth fullwidth-box fusion-builder-row-1 fusion-flex-container nonhundred-percent-fullwidth non-hundred-percent-height-scrolling\" style=\"--awb-border-radius-top-left:0px;--awb-border-radius-top-right:0px;--awb-border-radius-bottom-right:0px;--awb-border-radius-bottom-left:0px;--awb-flex-wrap:wrap;\" ><div class=\"fusion-builder-row fusion-row fusion-flex-align-items-flex-start fusion-flex-content-wrap\" style=\"max-width:1248px;margin-left: calc(-4% \/ 2 );margin-right: calc(-4% \/ 2 );\"><div class=\"fusion-layout-column fusion_builder_column fusion-builder-column-0 fusion_builder_column_1_1 1_1 fusion-flex-column\" style=\"--awb-bg-size:cover;--awb-width-large:100%;--awb-margin-top-large:0px;--awb-spacing-right-large:1.92%;--awb-margin-bottom-large:0px;--awb-spacing-left-large:1.92%;--awb-width-medium:100%;--awb-spacing-right-medium:1.92%;--awb-spacing-left-medium:1.92%;--awb-width-small:100%;--awb-spacing-right-small:1.92%;--awb-spacing-left-small:1.92%;\"><div class=\"fusion-column-wrapper fusion-flex-justify-content-flex-start fusion-content-layout-column\"><div class=\"fusion-text fusion-text-1\"><p>Olivier est une charmante maison pour 6 personnes qui comprend une grande terrasse avec une vue imprenable sur le village et la vall\u00e9e de la Cesse. C&rsquo;est un endroit pour se d\u00e9tendre ou lire un bon livre. La terrasse offre beaucoup d&rsquo;intimit\u00e9 et suffisamment d&rsquo;espace pour manger avec un grand groupe. En outre, la maison a une salle de bain spacieuse avec baignoire et une cuisine avec tous les \u00e9quipements n\u00e9cessaires, y compris un lave-vaisselle.<\/p>\n<p>Le salon est \u00e9quip\u00e9 d&rsquo;un authentique po\u00eale \u00e0 bois danois Bekkassinen et de pierres naturelles d&rsquo;origine. Un spacieux canap\u00e9 d&rsquo;angle (qui peut \u00e9galement \u00eatre utiliser comme lit d&rsquo;appoint) compl\u00e8te le salon. La porte d&rsquo;entr\u00e9e d&rsquo;Olivier s\u2019ouvre sur une deuxi\u00e8me terrasse plus ombrag\u00e9e. Au deuxi\u00e8me \u00e9tage, la vue est encore plus belle, et il y a trois chambres doubles avec des lits simples. L&rsquo;une des chambres a son propre lavabo.<\/p>\n<p>De mani\u00e8re ing\u00e9nieuse, les maisons Platane et Olivier sont reli\u00e9es de sorte qu&rsquo;elles peuvent \u00eatre lou\u00e9es s\u00e9par\u00e9ment ou ensemble.<\/p>\n<\/div><div ><a class=\"fusion-button button-flat fusion-button-default-size button-custom fusion-button-default button-1 fusion-button-default-span fusion-button-default-type\" style=\"--button_accent_color:var(--awb-color1);--button_accent_hover_color:var(--awb-color1);--button_border_hover_color:rgba(255,255,255,0);--button_gradient_top_color:var(--awb-color7);--button_gradient_bottom_color:var(--awb-color7);--button_gradient_top_color_hover:var(--awb-color5);--button_gradient_bottom_color_hover:var(--awb-color5);\" target=\"_blank\" rel=\"noopener noreferrer\" href=\"https:\/\/reservations.cubilis.eu\/tamarisk-villages-la-liviniere?language=fr-FR&amp;room=48947\"><span class=\"fusion-button-text awb-button__text awb-button__text--default\">V\u00e9rifier la disponibilit\u00e9<\/span><\/a><\/div><\/div><\/div><\/div><\/div>\n","protected":false},"excerpt":{"rendered":"<p>La maison dispose \u00e9galement d&rsquo;une terrasse tr\u00e8s spacieuse sur le toit qui offre une vue magnifique sur tout le village et le canyon de Cesse.<\/p>\n","protected":false},"featured_media":4333,"comment_status":"open","ping_status":"closed","template":"","meta":{"_acf_changed":false,"_monsterinsights_skip_tracking":false,"_monsterinsights_sitenote_active":false,"_monsterinsights_sitenote_note":"","_monsterinsights_sitenote_category":0},"product_brand":[],"product_cat":[205],"product_tag":[207,206,209],"class_list":{"0":"post-5277","1":"product","2":"type-product","3":"status-publish","4":"has-post-thumbnail","6":"product_cat-hebergement","7":"product_tag-3-chambres","8":"product_tag-6-personnes","9":"product_tag-80-m2-fr","11":"first","12":"instock","13":"shipping-taxable","14":"purchasable","15":"product-type-simple"},"acf":[],"aioseo_notices":[],"_links":{"self":[{"href":"https:\/\/tamariskvillages.eu\/fr\/wp-json\/wp\/v2\/product\/5277","targetHints":{"allow":["GET"]}}],"collection":[{"href":"https:\/\/tamariskvillages.eu\/fr\/wp-json\/wp\/v2\/product"}],"about":[{"href":"https:\/\/tamariskvillages.eu\/fr\/wp-json\/wp\/v2\/types\/product"}],"replies":[{"embeddable":true,"href":"https:\/\/tamariskvillages.eu\/fr\/wp-json\/wp\/v2\/comments?post=5277"}],"wp:featuredmedia":[{"embeddable":true,"href":"https:\/\/tamariskvillages.eu\/fr\/wp-json\/wp\/v2\/media\/4333"}],"wp:attachment":[{"href":"https:\/\/tamariskvillages.eu\/fr\/wp-json\/wp\/v2\/media?parent=5277"}],"wp:term":[{"taxonomy":"product_brand","embeddable":true,"href":"https:\/\/tamariskvillages.eu\/fr\/wp-json\/wp\/v2\/product_brand?post=5277"},{"taxonomy":"product_cat","embeddable":true,"href":"https:\/\/tamariskvillages.eu\/fr\/wp-json\/wp\/v2\/product_cat?post=5277"},{"taxonomy":"product_tag","embeddable":true,"href":"https:\/\/tamariskvillages.eu\/fr\/wp-json\/wp\/v2\/product_tag?post=5277"}],"curies":[{"name":"wp","href":"https:\/\/api.w.org\/{rel}","templated":true}]}}