{"id":5281,"date":"2023-09-02T05:00:42","date_gmt":"2023-09-02T05:00:42","guid":{"rendered":"https:\/\/tamariskvillages.eu\/verblijven\/cypres\/"},"modified":"2025-11-20T20:03:34","modified_gmt":"2025-11-20T20:03:34","slug":"cypres","status":"publish","type":"product","link":"https:\/\/tamariskvillages.eu\/fr\/verblijven\/cypres\/","title":{"rendered":"Cypr\u00e8s"},"content":{"rendered":"<div class=\"fusion-fullwidth fullwidth-box fusion-builder-row-1 fusion-flex-container nonhundred-percent-fullwidth non-hundred-percent-height-scrolling\" style=\"--awb-border-radius-top-left:0px;--awb-border-radius-top-right:0px;--awb-border-radius-bottom-right:0px;--awb-border-radius-bottom-left:0px;--awb-flex-wrap:wrap;\" ><div class=\"fusion-builder-row fusion-row fusion-flex-align-items-flex-start fusion-flex-content-wrap\" style=\"max-width:1248px;margin-left: calc(-4% \/ 2 );margin-right: calc(-4% \/ 2 );\"><div class=\"fusion-layout-column fusion_builder_column fusion-builder-column-0 fusion_builder_column_1_1 1_1 fusion-flex-column\" style=\"--awb-bg-size:cover;--awb-width-large:100%;--awb-margin-top-large:0px;--awb-spacing-right-large:1.92%;--awb-margin-bottom-large:0px;--awb-spacing-left-large:1.92%;--awb-width-medium:100%;--awb-spacing-right-medium:1.92%;--awb-spacing-left-medium:1.92%;--awb-width-small:100%;--awb-spacing-right-small:1.92%;--awb-spacing-left-small:1.92%;\"><div class=\"fusion-column-wrapper fusion-flex-justify-content-flex-start fusion-content-layout-column\"><div class=\"fusion-text fusion-text-1\"><p>Une maison joliment d\u00e9cor\u00e9e avec un salon spacieux. Le plus grand nombre possible de d\u00e9tails authentiques ont \u00e9t\u00e9 pr\u00e9serv\u00e9s pour que vous vous sentiez rapidement chez vous. La cuisine se trouve \u00e0 trois marches du salon et dispose d&rsquo;un r\u00e9frig\u00e9rateur, d&rsquo;une plaque de cuisson avec hotte aspirante, d&rsquo;une cafeti\u00e8re et d&rsquo;un grand plan de travail avec des \u00e9l\u00e9ments bas et muraux et un \u00e9vier. Par ailleurs, le cottage est situ\u00e9 au rez-de-chauss\u00e9e.<\/p>\n<p>La maison dispose de deux chambres doubles et d&rsquo;une salle de bains avec douche, toilettes et lavabo.<br \/>\nLe po\u00eale \u00e0 bois rend la maison tr\u00e8s agr\u00e9able pendant les mois les plus froids, et en \u00e9t\u00e9, la maison est agr\u00e9ablement fra\u00eeche.<br \/>\nEn \u00e9t\u00e9, vous pouvez passer du temps sur la terrasse ombrag\u00e9e avec des meubles de jardin.<br \/>\nLa terrasse est adapt\u00e9e aux enfants et aux animaux de compagnie gr\u00e2ce \u00e0 la pr\u00e9sence d&rsquo;une cl\u00f4ture de jardin.<\/p>\n<\/div><\/div><\/div><div class=\"fusion-layout-column fusion_builder_column fusion-builder-column-1 fusion_builder_column_1_2 1_2 fusion-flex-column\" style=\"--awb-bg-size:cover;--awb-width-large:50%;--awb-margin-top-large:0px;--awb-spacing-right-large:3.84%;--awb-margin-bottom-large:0px;--awb-spacing-left-large:3.84%;--awb-width-medium:50%;--awb-spacing-right-medium:3.84%;--awb-spacing-left-medium:3.84%;--awb-width-small:100%;--awb-spacing-right-small:1.92%;--awb-spacing-left-small:1.92%;\"><div class=\"fusion-column-wrapper fusion-flex-justify-content-flex-start fusion-content-layout-column\"><div ><a class=\"fusion-button button-flat fusion-button-default-size button-custom fusion-button-default button-1 fusion-button-default-span fusion-button-default-type\" style=\"--button_accent_color:var(--awb-color1);--button_accent_hover_color:var(--awb-color1);--button_border_hover_color:rgba(255,255,255,0);--button_gradient_top_color:var(--awb-color7);--button_gradient_bottom_color:var(--awb-color7);--button_gradient_top_color_hover:var(--awb-color5);--button_gradient_bottom_color_hover:var(--awb-color5);\" target=\"_blank\" rel=\"noopener noreferrer\" href=\"#\" data-toggle=\"modal\" data-target=\".fusion-modal.beschikbaarheid\"><span class=\"fusion-button-text awb-button__text awb-button__text--default\">Disponibilit\u00e9  &gt;<\/span><\/a><\/div><div class=\"fusion-modal modal fade modal-1 beschikbaarheid\" tabindex=\"-1\" role=\"dialog\" aria-labelledby=\"modal-heading-1\" aria-hidden=\"true\" style=\"--awb-border-color:var(--awb-color3);--awb-background:hsla(var(--awb-color8-h),var(--awb-color8-s),calc( var(--awb-color8-l) + 83% ),var(--awb-color8-a));\"><div class=\"modal-dialog modal-lg\" role=\"document\"><div class=\"modal-content fusion-modal-content\"><div class=\"modal-header\"><button class=\"close\" type=\"button\" data-dismiss=\"modal\" aria-hidden=\"true\" aria-label=\"Close\">&times;<\/button><h3 class=\"modal-title\" id=\"modal-heading-1\" data-dismiss=\"modal\" aria-hidden=\"true\"><\/h3><\/div><div class=\"modal-body fusion-clearfix\">\n<div class=\"r34ics-ajax-container loading\" id=\"r69ef69f3f112a2d\" data-view=\"month\" data-view-is-list-style=\"0\" data-view-is-list-long=\"0\" data-args=\"{&quot;ajax&quot;:&quot;1&quot;,&quot;arrayonly&quot;:null,&quot;attach&quot;:&quot;&quot;,&quot;basicauth&quot;:&quot;0&quot;,&quot;category&quot;:&quot;&quot;,&quot;color&quot;:&quot;#b52a03&quot;,&quot;columnlabels&quot;:&quot;0&quot;,&quot;combinemultiday&quot;:&quot;0&quot;,&quot;compact&quot;:&quot;0&quot;,&quot;count&quot;:0,&quot;curlopts&quot;:&quot;&quot;,&quot;currentweek&quot;:false,&quot;customoptions&quot;:[&quot;&quot;],&quot;debug&quot;:&quot;0&quot;,&quot;description&quot;:false,&quot;eventdesc&quot;:&quot;1&quot;,&quot;eventdl&quot;:&quot;0&quot;,&quot;eventlocaltime&quot;:&quot;0&quot;,&quot;extendmultiday&quot;:&quot;0&quot;,&quot;feedlabel&quot;:&quot;&quot;,&quot;feedlabelindesc&quot;:&quot;1&quot;,&quot;fixredundantuids&quot;:&quot;0&quot;,&quot;format&quot;:&quot;&quot;,&quot;formatmonthyear&quot;:&quot;F Y&quot;,&quot;fulldateintable&quot;:&quot;0&quot;,&quot;guid&quot;:&quot;r69ef69f3f112a2d&quot;,&quot;hidealldayindicator&quot;:&quot;1&quot;,&quot;hidecancelledevents&quot;:&quot;0&quot;,&quot;hideprivateevents&quot;:&quot;0&quot;,&quot;hiderecurrence&quot;:&quot;1&quot;,&quot;hidetentativeevents&quot;:&quot;0&quot;,&quot;hidetimes&quot;:&quot;0&quot;,&quot;htmltagdate&quot;:&quot;h4&quot;,&quot;htmltageventdesc&quot;:&quot;div&quot;,&quot;htmltageventtitle&quot;:&quot;span&quot;,&quot;htmltagmonth&quot;:&quot;h3&quot;,&quot;htmltagtime&quot;:&quot;span&quot;,&quot;htmltagtitle&quot;:&quot;h2&quot;,&quot;legacyparser&quot;:null,&quot;legendinline&quot;:false,&quot;legendposition&quot;:&quot;above&quot;,&quot;legendstyle&quot;:&quot;inline&quot;,&quot;limitdays&quot;:455,&quot;limitdayscustom&quot;:false,&quot;linebreakfix&quot;:null,&quot;linktitles&quot;:&quot;0&quot;,&quot;location&quot;:&quot;true&quot;,&quot;mapsource&quot;:&quot;google&quot;,&quot;maskinfo&quot;:&quot;Geboekt&quot;,&quot;method&quot;:&quot;&quot;,&quot;monthnav&quot;:&quot;select&quot;,&quot;nolink&quot;:&quot;0&quot;,&quot;nomobile&quot;:&quot;0&quot;,&quot;nomonthheaders&quot;:&quot;0&quot;,&quot;nostyle&quot;:null,&quot;organizer&quot;:&quot;1&quot;,&quot;pagination&quot;:0,&quot;paginationposition&quot;:null,&quot;pastdays&quot;:&quot;&quot;,&quot;reload&quot;:&quot;0&quot;,&quot;resources&quot;:&quot;0&quot;,&quot;reverse&quot;:false,&quot;sametab&quot;:&quot;0&quot;,&quot;showendtimes&quot;:&quot;1&quot;,&quot;skip&quot;:0,&quot;skipdomainerrors&quot;:&quot;0&quot;,&quot;skiprecurrence&quot;:&quot;0&quot;,&quot;solidcolors&quot;:&quot;0&quot;,&quot;startdate&quot;:&quot;&quot;,&quot;stickymonths&quot;:&quot;1&quot;,&quot;tablebg&quot;:&quot;&quot;,&quot;timeformat&quot;:&quot;H:i&quot;,&quot;title&quot;:false,&quot;toggle&quot;:&quot;0&quot;,&quot;tz&quot;:&quot;&quot;,&quot;ua&quot;:null,&quot;url&quot;:&quot;r34ics-url-67eafb9974afe3.71028195&quot;,&quot;view&quot;:&quot;month&quot;,&quot;weeknumbers&quot;:&quot;0&quot;,&quot;whitetext&quot;:&quot;0&quot;,&quot;availability_only&quot;:false,&quot;booked_day_bg_color&quot;:&quot;&quot;,&quot;calendar_illustrations&quot;:&quot;0&quot;,&quot;combined_availability&quot;:false,&quot;empty_day_bg_color&quot;:&quot;transparent&quot;,&quot;empty_day_description&quot;:&quot;&quot;,&quot;empty_day_title&quot;:&quot;Beschikbaar&quot;,&quot;eventdesc_length&quot;:&quot;&quot;,&quot;fc_hide_alldayslot&quot;:false,&quot;fc_no_overlap&quot;:false,&quot;fill_empty_days&quot;:&quot;1&quot;,&quot;filters&quot;:&quot;a:2:{s:21:\\&quot;filtereventcssclasses\\&quot;;a:1:{s:6:\\&quot;enable\\&quot;;s:1:\\&quot;0\\&quot;;}s:18:\\&quot;filterexcludeevent\\&quot;;a:1:{s:6:\\&quot;enable\\&quot;;s:1:\\&quot;0\\&quot;;}}&quot;,&quot;grid_show_empty&quot;:false,&quot;hiddenonload&quot;:&quot;&quot;,&quot;hideweekends&quot;:false,&quot;id&quot;:&quot;5603&quot;,&quot;month_list_all&quot;:&quot;0&quot;,&quot;month_table_list_toggle&quot;:&quot;0&quot;,&quot;no_angled_backgrounds&quot;:false,&quot;pagination_auto_cycle&quot;:false,&quot;regex_pattern&quot;:null,&quot;regex_replacement&quot;:null,&quot;regex_scope&quot;:null,&quot;regex&quot;:null,&quot;showfilter&quot;:&quot;0&quot;,&quot;subscribelink&quot;:&quot;0&quot;,&quot;tzinlegend&quot;:&quot;0&quot;,&quot;upnext_future_label&quot;:&quot;&quot;,&quot;upnext_now_label&quot;:&quot;&quot;,&quot;upnext_show_future&quot;:false,&quot;upnext_show_date&quot;:false,&quot;use_client_tz&quot;:&quot;0&quot;,&quot;guid_static&quot;:&quot;&quot;,&quot;startdate_static&quot;:&quot;&quot;,&quot;icsfeedsource&quot;:&quot;feed_url&quot;}\">&nbsp;<\/div>\n<\/div><\/div><\/div><\/div><\/div><\/div><div class=\"fusion-layout-column fusion_builder_column fusion-builder-column-2 fusion_builder_column_1_2 1_2 fusion-flex-column\" style=\"--awb-bg-size:cover;--awb-width-large:50%;--awb-margin-top-large:0px;--awb-spacing-right-large:3.84%;--awb-margin-bottom-large:0px;--awb-spacing-left-large:3.84%;--awb-width-medium:50%;--awb-spacing-right-medium:3.84%;--awb-spacing-left-medium:3.84%;--awb-width-small:100%;--awb-spacing-right-small:1.92%;--awb-spacing-left-small:1.92%;\"><div class=\"fusion-column-wrapper fusion-flex-justify-content-flex-start fusion-content-layout-column\"><div ><a class=\"fusion-button button-flat fusion-button-default-size button-custom fusion-button-default button-2 fusion-button-default-span fusion-button-default-type\" style=\"--button_accent_color:var(--awb-color1);--button_accent_hover_color:var(--awb-color1);--button_border_hover_color:rgba(255,255,255,0);--button_gradient_top_color:var(--awb-color4);--button_gradient_bottom_color:var(--awb-color4);--button_gradient_top_color_hover:var(--awb-color5);--button_gradient_bottom_color_hover:var(--awb-color5);\" target=\"_self\" href=\"https:\/\/reservations.cubilis.eu\/tamarisk-villages-la-liviniere?language=nl-NL&amp;room=48944\"><span class=\"fusion-button-text awb-button__text awb-button__text--default\">Livre  &gt; <\/span><\/a><\/div><\/div><\/div><\/div><\/div>\n","protected":false},"excerpt":{"rendered":"<p>Une maison joliment d\u00e9cor\u00e9e avec un salon spacieux. Le plus grand nombre possible de d\u00e9tails authentiques ont \u00e9t\u00e9 pr\u00e9serv\u00e9s pour que vous vous sentiez rapidement chez vous.<\/p>\n","protected":false},"featured_media":4783,"comment_status":"closed","ping_status":"closed","template":"","meta":{"_acf_changed":false,"_monsterinsights_skip_tracking":false,"_monsterinsights_sitenote_active":false,"_monsterinsights_sitenote_note":"","_monsterinsights_sitenote_category":0},"product_brand":[],"product_cat":[205],"product_tag":[213,212,214],"class_list":{"0":"post-5281","1":"product","2":"type-product","3":"status-publish","4":"has-post-thumbnail","6":"product_cat-hebergement","7":"product_tag-2-chambres","8":"product_tag-4-personnes","9":"product_tag-65-m2-fr","11":"first","12":"instock","13":"shipping-taxable","14":"purchasable","15":"product-type-simple"},"acf":[],"aioseo_notices":[],"_links":{"self":[{"href":"https:\/\/tamariskvillages.eu\/fr\/wp-json\/wp\/v2\/product\/5281","targetHints":{"allow":["GET"]}}],"collection":[{"href":"https:\/\/tamariskvillages.eu\/fr\/wp-json\/wp\/v2\/product"}],"about":[{"href":"https:\/\/tamariskvillages.eu\/fr\/wp-json\/wp\/v2\/types\/product"}],"replies":[{"embeddable":true,"href":"https:\/\/tamariskvillages.eu\/fr\/wp-json\/wp\/v2\/comments?post=5281"}],"wp:featuredmedia":[{"embeddable":true,"href":"https:\/\/tamariskvillages.eu\/fr\/wp-json\/wp\/v2\/media\/4783"}],"wp:attachment":[{"href":"https:\/\/tamariskvillages.eu\/fr\/wp-json\/wp\/v2\/media?parent=5281"}],"wp:term":[{"taxonomy":"product_brand","embeddable":true,"href":"https:\/\/tamariskvillages.eu\/fr\/wp-json\/wp\/v2\/product_brand?post=5281"},{"taxonomy":"product_cat","embeddable":true,"href":"https:\/\/tamariskvillages.eu\/fr\/wp-json\/wp\/v2\/product_cat?post=5281"},{"taxonomy":"product_tag","embeddable":true,"href":"https:\/\/tamariskvillages.eu\/fr\/wp-json\/wp\/v2\/product_tag?post=5281"}],"curies":[{"name":"wp","href":"https:\/\/api.w.org\/{rel}","templated":true}]}}