{"id":5282,"date":"2023-08-31T10:33:08","date_gmt":"2023-08-31T10:33:08","guid":{"rendered":"https:\/\/tamariskvillages.eu\/verblijven\/vigne\/"},"modified":"2025-11-20T20:03:24","modified_gmt":"2025-11-20T20:03:24","slug":"vigne","status":"publish","type":"product","link":"https:\/\/tamariskvillages.eu\/fr\/verblijven\/vigne\/","title":{"rendered":"Vigne"},"content":{"rendered":"<div class=\"fusion-fullwidth fullwidth-box fusion-builder-row-1 fusion-flex-container nonhundred-percent-fullwidth non-hundred-percent-height-scrolling\" style=\"--awb-border-radius-top-left:0px;--awb-border-radius-top-right:0px;--awb-border-radius-bottom-right:0px;--awb-border-radius-bottom-left:0px;--awb-flex-wrap:wrap;\" ><div class=\"fusion-builder-row fusion-row fusion-flex-align-items-flex-start fusion-flex-content-wrap\" style=\"max-width:1248px;margin-left: calc(-4% \/ 2 );margin-right: calc(-4% \/ 2 );\"><div class=\"fusion-layout-column fusion_builder_column fusion-builder-column-0 fusion_builder_column_1_1 1_1 fusion-flex-column\" style=\"--awb-bg-size:cover;--awb-width-large:100%;--awb-margin-top-large:0px;--awb-spacing-right-large:1.92%;--awb-margin-bottom-large:0px;--awb-spacing-left-large:1.92%;--awb-width-medium:100%;--awb-spacing-right-medium:1.92%;--awb-spacing-left-medium:1.92%;--awb-width-small:100%;--awb-spacing-right-small:1.92%;--awb-spacing-left-small:1.92%;\"><div class=\"fusion-column-wrapper fusion-flex-justify-content-flex-start fusion-content-layout-column\"><div class=\"fusion-text fusion-text-1\"><div class=\"row\">\n<div class=\"col-xs-12\">\n<div class=\"infotext\">\n<p>Vigne est situ\u00e9 au centre du village de Cantignergues et se distingue par ses volets bleus. La maison offre un espace surprenant (pour la taille de la maison). En outre, l&rsquo;int\u00e9rieur est agr\u00e9ablement frais en \u00e9t\u00e9 et ne se refroidit pas en hiver gr\u00e2ce \u00e0 l&rsquo;\u00e9paisseur des murs de plus de 50 cm.<\/p>\n<p>En franchissant la porte d&rsquo;entr\u00e9e, on acc\u00e8de directement \u00e0 la salle de s\u00e9jour avec une salle \u00e0 manger confortable. Des escaliers m\u00e8nent \u00e0 la cuisine et la salle de bains avec toilettes. Au premier \u00e9tage se trouve une chambre familiale tr\u00e8s spacieuse avec 3 lits simples.<\/p>\n<p>Sur le c\u00f4t\u00e9 de la maison se trouve une terrasse ferm\u00e9e, id\u00e9ale pour enfants, avec une table \u00e0 manger et des chaises longues, o\u00f9 vous pourrez profiter du soleil et de l&rsquo;ombre. La terrasse est une oasis de verdure et un endroit agr\u00e9able pour lire un livre.<\/p>\n<p>Le confort de cette maison de campagne typiquement fran\u00e7aise a un inconv\u00e9nient : certaines pi\u00e8ces, comme la cuisine et la salle de bain sont tr\u00e8s basses et ne conviennent pas au personnes mesurant plus de 1,90 m\u00e8tre.<\/p>\n<\/div>\n<\/div>\n<\/div>\n<\/div><div ><a class=\"fusion-button button-flat fusion-button-default-size button-custom fusion-button-default button-1 fusion-button-default-span fusion-button-default-type\" style=\"--button_accent_color:var(--awb-color1);--button_accent_hover_color:var(--awb-color1);--button_border_hover_color:rgba(255,255,255,0);--button_gradient_top_color:var(--awb-color7);--button_gradient_bottom_color:var(--awb-color7);--button_gradient_top_color_hover:var(--awb-color5);--button_gradient_bottom_color_hover:var(--awb-color5);\" target=\"_blank\" rel=\"noopener noreferrer\" href=\"https:\/\/reservations.cubilis.eu\/tamarisk-villages-la-liviniere?language=fr-FR&amp;room=48942\"><span class=\"fusion-button-text awb-button__text awb-button__text--default\">V\u00e9rifier la disponibilit\u00e9<\/span><\/a><\/div><\/div><\/div><\/div><\/div>\n","protected":false},"excerpt":{"rendered":"<p>Situ\u00e9 au centre du village de Cantignergues, Vigne se distingue par la fra\u00eecheur de ses volets bleus.<\/p>\n","protected":false},"featured_media":4655,"comment_status":"closed","ping_status":"closed","template":"","meta":{"_acf_changed":false,"_monsterinsights_skip_tracking":false,"_monsterinsights_sitenote_active":false,"_monsterinsights_sitenote_note":"","_monsterinsights_sitenote_category":0},"product_brand":[],"product_cat":[205],"product_tag":[348,349,350],"class_list":{"0":"post-5282","1":"product","2":"type-product","3":"status-publish","4":"has-post-thumbnail","6":"product_cat-hebergement","7":"product_tag-1-chambre","8":"product_tag-3-personnes","9":"product_tag-50-m2","11":"first","12":"instock","13":"shipping-taxable","14":"purchasable","15":"product-type-simple"},"acf":[],"aioseo_notices":[],"_links":{"self":[{"href":"https:\/\/tamariskvillages.eu\/fr\/wp-json\/wp\/v2\/product\/5282","targetHints":{"allow":["GET"]}}],"collection":[{"href":"https:\/\/tamariskvillages.eu\/fr\/wp-json\/wp\/v2\/product"}],"about":[{"href":"https:\/\/tamariskvillages.eu\/fr\/wp-json\/wp\/v2\/types\/product"}],"replies":[{"embeddable":true,"href":"https:\/\/tamariskvillages.eu\/fr\/wp-json\/wp\/v2\/comments?post=5282"}],"wp:featuredmedia":[{"embeddable":true,"href":"https:\/\/tamariskvillages.eu\/fr\/wp-json\/wp\/v2\/media\/4655"}],"wp:attachment":[{"href":"https:\/\/tamariskvillages.eu\/fr\/wp-json\/wp\/v2\/media?parent=5282"}],"wp:term":[{"taxonomy":"product_brand","embeddable":true,"href":"https:\/\/tamariskvillages.eu\/fr\/wp-json\/wp\/v2\/product_brand?post=5282"},{"taxonomy":"product_cat","embeddable":true,"href":"https:\/\/tamariskvillages.eu\/fr\/wp-json\/wp\/v2\/product_cat?post=5282"},{"taxonomy":"product_tag","embeddable":true,"href":"https:\/\/tamariskvillages.eu\/fr\/wp-json\/wp\/v2\/product_tag?post=5282"}],"curies":[{"name":"wp","href":"https:\/\/api.w.org\/{rel}","templated":true}]}}